{"id":883,"date":"2021-08-20T13:56:45","date_gmt":"2021-08-20T13:56:45","guid":{"rendered":"http:\/\/albert-schweitzer-schule-oe.de\/?page_id=883"},"modified":"2025-02-04T17:06:35","modified_gmt":"2025-02-04T17:06:35","slug":"schuelerrat","status":"publish","type":"page","link":"https:\/\/albert-schweitzer-schule-oe.de\/?page_id=883","title":{"rendered":"Sch\u00fclerrat"},"content":{"rendered":"\n<p>Zu\nder Entwicklung einer <strong>demokratischen Verhaltensweise<\/strong> in der Grundschule\ngeh\u00f6rt die <strong>Wahl der Klassensprecherin und des Klassensprechers<\/strong>. <\/p>\n\n\n\n<p>Die\nKlassensprecher\/innen \u00fcbernehmen verschiedene Aufgaben innerhalb des\nKlassenverbandes, die zuvor von der Klassenlehrerin und den Kindern bestimmt\nwurden. <\/p>\n\n\n\n<p>Eine\nweitere Aufgabe aller Klassensprecherinnen und Klassensprecher der vier\nJahrgangsstufen besteht in der <strong>Vertretung ihrer Mitsch\u00fcler und\nMitsch\u00fclerinnen im<\/strong> <strong>klassen\u00fcbergreifenden Sch\u00fclerrat, <\/strong>welcher in\nregelm\u00e4\u00dfigen Abst\u00e4nden stattfindet. Hier lernen die Kinder ihre Klasse zu\nvertreten und k\u00f6nnen im Interesse der Schulgemeinschaft Vorschl\u00e4ge einbringen\nund gemeinsam nach L\u00f6sungen suchen. <\/p>\n\n\n\n<p>Das Mitarbeiten im Sch\u00fclerrat regt ein Mitdenken, Mitreden und Mitentscheiden an, welches durch die <strong>Ansprechpartnerinnen (Mara Michalczak und Ebra Erdogan) <\/strong>des Sch\u00fclerrats begleitet und in umsetzbare Entschl\u00fcsse gelenkt wird. <\/p>\n\n\n\n<p>Der\nSch\u00fclerrat vertritt die <strong>Interessen der Schulgemeinschaft<\/strong>, indem er: <\/p>\n\n\n\n<ul class=\"wp-block-list\">\n<li>eigene Ideen zur Verbesserung des Schullebens einbringt, klassen\u00fcbergreifende Probleme anspricht, diskutiert und versucht, L\u00f6sungen zu finden <\/li>\n\n\n\n<li>sich um ein konstruktives Zusammenleben in der Schulgemeinschaft bem\u00fcht <\/li>\n\n\n\n<li>bei wichtigen Themen mitredet und mitentscheidet <\/li>\n\n\n\n<li>in den Klassen vom Sch\u00fclerrat berichtet.<\/li>\n<\/ul>\n\n\n\n<p>Der\nSch\u00fclerrat hat die <strong>Ziele<\/strong>, dass die Sch\u00fcler und Sch\u00fclerinnen: <\/p>\n\n\n\n<ul class=\"wp-block-list\">\n<li>\u00fcber\nsoziale Prozesse in ihrem Schulleben reflektieren lernen. <\/li>\n\n\n\n<li>eigene\nIdeen entwickeln, welche M\u00f6glichkeiten der Verantwortungs\u00fcbernahme es an ihrer\nSchule gibt.<\/li>\n\n\n\n<li>mitbestimmen\nund mitgestalten. <\/li>\n\n\n\n<li>angeregt\nwerden, selbst Verantwortung zu \u00fcbernehmen und erste demokratische\nEntscheidungsprozesse bewusst miterleben.<\/li>\n\n\n\n<li>sich\nmit ihrer eigenen Schule st\u00e4rker identifizieren. <\/li>\n<\/ul>\n\n\n\n<figure class=\"wp-block-image size-large\"><img loading=\"lazy\" decoding=\"async\" width=\"1024\" height=\"822\" src=\"https:\/\/albert-schweitzer-schule-oe.de\/wp-content\/uploads\/2022\/11\/20221129_091003-2-1024x822.jpg\" alt=\"\" class=\"wp-image-1308\" srcset=\"https:\/\/albert-schweitzer-schule-oe.de\/wp-content\/uploads\/2022\/11\/20221129_091003-2-1024x822.jpg 1024w, https:\/\/albert-schweitzer-schule-oe.de\/wp-content\/uploads\/2022\/11\/20221129_091003-2-300x241.jpg 300w, https:\/\/albert-schweitzer-schule-oe.de\/wp-content\/uploads\/2022\/11\/20221129_091003-2-768x616.jpg 768w, https:\/\/albert-schweitzer-schule-oe.de\/wp-content\/uploads\/2022\/11\/20221129_091003-2-1536x1233.jpg 1536w, https:\/\/albert-schweitzer-schule-oe.de\/wp-content\/uploads\/2022\/11\/20221129_091003-2-2048x1644.jpg 2048w\" sizes=\"auto, (max-width: 706px) 89vw, (max-width: 767px) 82vw, 740px\" \/><figcaption class=\"wp-element-caption\">Zu Besuch im Rathaus bei unserem B\u00fcrgermeister<\/figcaption><\/figure>\n\n\n\n<p>Am Dienstag, den 29.11.22 besuchte der Sch\u00fclerrat unserer Schule das Rathaus von Oer-Erkenschwick. Empfangen wurden wir im alten Ratssaal der Stadt vom B\u00fcrgermeister Wewers sowie von Frau Pfeifer vom Jugendamt. Die Klassensprecher:innen hatten zuvor viele Fragen im jeweiligen Klassenrat gesammelt und im letzten Sch\u00fclerrat zusammen getragen. Bei unserem Besuch im Rathaus konnten dann auch fast alle Fragen beantwortet werden. Vielen Dank, dass wir vorbeikommen durften und auch danke, f\u00fcr die kleinen Geschenke.<\/p>\n\n\n\n<figure class=\"wp-block-image size-large\"><img loading=\"lazy\" decoding=\"async\" width=\"1024\" height=\"1024\" src=\"https:\/\/albert-schweitzer-schule-oe.de\/wp-content\/uploads\/2022\/11\/20221129_120252-2-1024x1024.jpg\" alt=\"\" class=\"wp-image-1309\" srcset=\"https:\/\/albert-schweitzer-schule-oe.de\/wp-content\/uploads\/2022\/11\/20221129_120252-2-1024x1024.jpg 1024w, https:\/\/albert-schweitzer-schule-oe.de\/wp-content\/uploads\/2022\/11\/20221129_120252-2-300x300.jpg 300w, https:\/\/albert-schweitzer-schule-oe.de\/wp-content\/uploads\/2022\/11\/20221129_120252-2-150x150.jpg 150w, https:\/\/albert-schweitzer-schule-oe.de\/wp-content\/uploads\/2022\/11\/20221129_120252-2-768x768.jpg 768w, https:\/\/albert-schweitzer-schule-oe.de\/wp-content\/uploads\/2022\/11\/20221129_120252-2-1536x1536.jpg 1536w, https:\/\/albert-schweitzer-schule-oe.de\/wp-content\/uploads\/2022\/11\/20221129_120252-2-2048x2048.jpg 2048w, https:\/\/albert-schweitzer-schule-oe.de\/wp-content\/uploads\/2022\/11\/20221129_120252-2-100x100.jpg 100w\" sizes=\"auto, (max-width: 706px) 89vw, (max-width: 767px) 82vw, 740px\" \/><\/figure>\n","protected":false},"excerpt":{"rendered":"<p>Zu der Entwicklung einer demokratischen Verhaltensweise in der Grundschule geh\u00f6rt die Wahl der Klassensprecherin und des Klassensprechers. Die Klassensprecher\/innen \u00fcbernehmen verschiedene Aufgaben innerhalb des Klassenverbandes, die zuvor von der Klassenlehrerin und den Kindern bestimmt wurden. Eine weitere Aufgabe aller Klassensprecherinnen und Klassensprecher der vier Jahrgangsstufen besteht in der Vertretung ihrer Mitsch\u00fcler und Mitsch\u00fclerinnen im klassen\u00fcbergreifenden &hellip; <\/p>\n<p class=\"link-more\"><a href=\"https:\/\/albert-schweitzer-schule-oe.de\/?page_id=883\" class=\"more-link\"><span class=\"screen-reader-text\">\u201eSch\u00fclerrat\u201c<\/span> weiterlesen<\/a><\/p>\n","protected":false},"author":1,"featured_media":0,"parent":107,"menu_order":0,"comment_status":"closed","ping_status":"closed","template":"","meta":{"footnotes":""},"class_list":["post-883","page","type-page","status-publish","hentry"],"_links":{"self":[{"href":"https:\/\/albert-schweitzer-schule-oe.de\/index.php?rest_route=\/wp\/v2\/pages\/883","targetHints":{"allow":["GET"]}}],"collection":[{"href":"https:\/\/albert-schweitzer-schule-oe.de\/index.php?rest_route=\/wp\/v2\/pages"}],"about":[{"href":"https:\/\/albert-schweitzer-schule-oe.de\/index.php?rest_route=\/wp\/v2\/types\/page"}],"author":[{"embeddable":true,"href":"https:\/\/albert-schweitzer-schule-oe.de\/index.php?rest_route=\/wp\/v2\/users\/1"}],"replies":[{"embeddable":true,"href":"https:\/\/albert-schweitzer-schule-oe.de\/index.php?rest_route=%2Fwp%2Fv2%2Fcomments&post=883"}],"version-history":[{"count":9,"href":"https:\/\/albert-schweitzer-schule-oe.de\/index.php?rest_route=\/wp\/v2\/pages\/883\/revisions"}],"predecessor-version":[{"id":1913,"href":"https:\/\/albert-schweitzer-schule-oe.de\/index.php?rest_route=\/wp\/v2\/pages\/883\/revisions\/1913"}],"up":[{"embeddable":true,"href":"https:\/\/albert-schweitzer-schule-oe.de\/index.php?rest_route=\/wp\/v2\/pages\/107"}],"wp:attachment":[{"href":"https:\/\/albert-schweitzer-schule-oe.de\/index.php?rest_route=%2Fwp%2Fv2%2Fmedia&parent=883"}],"curies":[{"name":"wp","href":"https:\/\/api.w.org\/{rel}","templated":true}]}}