{"id":48,"date":"2020-03-20T13:31:54","date_gmt":"2020-03-20T13:31:54","guid":{"rendered":"http:\/\/albert-schweitzer-schule-oe.de\/?page_id=48"},"modified":"2024-11-07T17:25:23","modified_gmt":"2024-11-07T17:25:23","slug":"schulsozialarbeit","status":"publish","type":"page","link":"https:\/\/albert-schweitzer-schule-oe.de\/?page_id=48","title":{"rendered":"Schulsozialarbeit"},"content":{"rendered":"\n<p><strong><em>Schulsozialarbeit \u2013 Die Schnittstelle zwischen Schule, Jugendhilfe und Lebenswelt<\/em><\/strong><\/p>\n\n\n\n<p>Frau Erdogan steht Eltern und Erziehungsberechtigten ratgebend zur Seite und begleitet Sie in Schulthemen und Fragen, die das allt\u00e4gliche Leben der Kinder betreffen.<\/p>\n\n\n\n<p><strong>Schwerpunkte der Schulsozialarbeit:<\/strong><\/p>\n\n\n\n<ul class=\"wp-block-list\">\n<li>Beratung f\u00fcr Sch\u00fclerinnen und Sch\u00fcler, Eltern und Fachkr\u00e4fte in der Schule<\/li>\n\n\n\n<li>Ansprechpartner bei Eltern-Kind-Konflikten, bei schulischen Problemen der Kinder, im Umgang mit \u00c4mtern und Institutionen oder privaten Krisensituationen<\/li>\n\n\n\n<li>Beratung zu einer schwierigen Lebensphase oder der Erziehung Ihres Kindes<\/li>\n\n\n\n<li>Einzelfallhilfe \u2013 Kooperation mit Bezugssystemen des betroffenen Kindes (Austausch mit sozialp\u00e4dagogischen Familienhilfen, Fachkr\u00e4ften verschiedener Institutionen)<\/li>\n\n\n\n<li>Begleitung von Elterngespr\u00e4chen in Kooperation mit den Lehrkr\u00e4ften<\/li>\n\n\n\n<li>Elterncafe gemeinsam mit Herrn Fischell<\/li>\n\n\n\n<li>Planung und Durchf\u00fchrung von Projekten<\/li>\n\n\n\n<li>Ausbildung und Begleitung der Taff-Teamer im Rahmen der Taff-AG<\/li>\n\n\n\n<li>Unterst\u00fctzung bei der Beantragung von Leistungen aus dem Bildungs und Teilhabe Paket (BuT)<\/li>\n<\/ul>\n\n\n\n<p>Erreichbarkeit:<\/p>\n\n\n\n<p>Telefon: 0162 \/ 2158828<\/p>\n\n\n\n<p>E-Mail: &nbsp;ebrar.erdogan@oer-erkenschwick.de<\/p>\n\n\n\n<p>&nbsp;ebrar.erdogan@ass-o-e.de<\/p>\n\n\n\n<p><\/p>\n","protected":false},"excerpt":{"rendered":"<p>Schulsozialarbeit \u2013 Die Schnittstelle zwischen Schule, Jugendhilfe und Lebenswelt Frau Erdogan steht Eltern und Erziehungsberechtigten ratgebend zur Seite und begleitet Sie in Schulthemen und Fragen, die das allt\u00e4gliche Leben der Kinder betreffen. Schwerpunkte der Schulsozialarbeit: Erreichbarkeit: Telefon: 0162 \/ 2158828 E-Mail: &nbsp;ebrar.erdogan@oer-erkenschwick.de &nbsp;ebrar.erdogan@ass-o-e.de<\/p>\n","protected":false},"author":1,"featured_media":0,"parent":107,"menu_order":0,"comment_status":"closed","ping_status":"closed","template":"","meta":{"footnotes":""},"class_list":["post-48","page","type-page","status-publish","hentry"],"_links":{"self":[{"href":"https:\/\/albert-schweitzer-schule-oe.de\/index.php?rest_route=\/wp\/v2\/pages\/48","targetHints":{"allow":["GET"]}}],"collection":[{"href":"https:\/\/albert-schweitzer-schule-oe.de\/index.php?rest_route=\/wp\/v2\/pages"}],"about":[{"href":"https:\/\/albert-schweitzer-schule-oe.de\/index.php?rest_route=\/wp\/v2\/types\/page"}],"author":[{"embeddable":true,"href":"https:\/\/albert-schweitzer-schule-oe.de\/index.php?rest_route=\/wp\/v2\/users\/1"}],"replies":[{"embeddable":true,"href":"https:\/\/albert-schweitzer-schule-oe.de\/index.php?rest_route=%2Fwp%2Fv2%2Fcomments&post=48"}],"version-history":[{"count":8,"href":"https:\/\/albert-schweitzer-schule-oe.de\/index.php?rest_route=\/wp\/v2\/pages\/48\/revisions"}],"predecessor-version":[{"id":1857,"href":"https:\/\/albert-schweitzer-schule-oe.de\/index.php?rest_route=\/wp\/v2\/pages\/48\/revisions\/1857"}],"up":[{"embeddable":true,"href":"https:\/\/albert-schweitzer-schule-oe.de\/index.php?rest_route=\/wp\/v2\/pages\/107"}],"wp:attachment":[{"href":"https:\/\/albert-schweitzer-schule-oe.de\/index.php?rest_route=%2Fwp%2Fv2%2Fmedia&parent=48"}],"curies":[{"name":"wp","href":"https:\/\/api.w.org\/{rel}","templated":true}]}}