{"id":46,"date":"2020-03-20T13:31:07","date_gmt":"2020-03-20T13:31:07","guid":{"rendered":"http:\/\/albert-schweitzer-schule-oe.de\/?page_id=46"},"modified":"2024-08-22T13:19:59","modified_gmt":"2024-08-22T13:19:59","slug":"ogs","status":"publish","type":"page","link":"https:\/\/albert-schweitzer-schule-oe.de\/?page_id=46","title":{"rendered":"OGS Albert-Schweitzer-Schule"},"content":{"rendered":"\n<p>Zurzeit befinden sich 200 Kinder in der OGS. Diese beinhaltet auch zwei Ganztagsklassen.<\/p>\n\n\n\n<p>Die f\u00fcnf OGS-R\u00e4ume und die Mensa befinden sich im Erdgeschoss der&nbsp;<em>Albert-Schweitzer-Schule<\/em>.<\/p>\n\n\n\n<p>Die R\u00e4umlichkeiten sind den kindlichen Bed\u00fcrfnissen entsprechend ausgestattet und werden regelm\u00e4\u00dfig gemeinsam mit den Kindern umgestaltet. Ziel ist es, den Kindern eine Wohlf\u00fchlatmosph\u00e4re zu bieten.<\/p>\n\n\n\n<p>Die Hausaufgaben werden in Kleingruppen im Klassenraum angefertigt.<\/p>\n\n\n\n<p>Das multiprofessionelle Team wird bei Bedarf durch \u00dcbungsleiter*innen f\u00fcr zus\u00e4tzliche Arbeitsgemeinschaften, wie z.B. Sport, erg\u00e4nzt. Durch die Mitarbeiter*innen werden AGs wie z.B. Werken, Zeichnen, Tanzen, Theater, Entspannungs\u00fcbungen und H\u00fchnerball angeboten.<\/p>\n\n\n\n<p>Um die Zubereitung der Mahlzeiten k\u00fcmmern sich Hauswirtschaftskr\u00e4fte.<\/p>\n\n\n\n<p><\/p>\n\n\n\n<p>Leitung:<\/p>\n\n\n\n<p>Thomas&nbsp;Fischell<\/p>\n\n\n\n<p>K\u00f6nigsberger Stra\u00dfe 9, 45739&nbsp;Oer-Erkenschwick<\/p>\n\n\n\n<p>Telefon: 02368\/8926225<\/p>\n\n\n\n<p>Handy: 0152\/09117989<\/p>\n\n\n\n<p>E-Mail: <a href=\"mailto:thomas\u200b.fischell\u200b@awo-msl-re\u200b.de\">thomas\u200b.fischell\u200b@awo-msl-re\u200b.de<\/a><\/p>\n\n\n\n<p><\/p>\n\n\n\n<figure class=\"wp-block-image size-large\"><img loading=\"lazy\" decoding=\"async\" width=\"1024\" height=\"683\" src=\"https:\/\/albert-schweitzer-schule-oe.de\/wp-content\/uploads\/2024\/02\/DSC08389-1024x683.jpg\" alt=\"\" class=\"wp-image-1683\" srcset=\"https:\/\/albert-schweitzer-schule-oe.de\/wp-content\/uploads\/2024\/02\/DSC08389-1024x683.jpg 1024w, https:\/\/albert-schweitzer-schule-oe.de\/wp-content\/uploads\/2024\/02\/DSC08389-300x200.jpg 300w, https:\/\/albert-schweitzer-schule-oe.de\/wp-content\/uploads\/2024\/02\/DSC08389-768x513.jpg 768w, https:\/\/albert-schweitzer-schule-oe.de\/wp-content\/uploads\/2024\/02\/DSC08389-1536x1025.jpg 1536w, https:\/\/albert-schweitzer-schule-oe.de\/wp-content\/uploads\/2024\/02\/DSC08389-2048x1367.jpg 2048w\" sizes=\"auto, (max-width: 706px) 89vw, (max-width: 767px) 82vw, 740px\" \/><\/figure>\n\n\n\n<h2 class=\"wp-block-heading\">Das OGS-Team<\/h2>\n","protected":false},"excerpt":{"rendered":"<p>Zurzeit befinden sich 200 Kinder in der OGS. Diese beinhaltet auch zwei Ganztagsklassen. Die f\u00fcnf OGS-R\u00e4ume und die Mensa befinden sich im Erdgeschoss der&nbsp;Albert-Schweitzer-Schule. Die R\u00e4umlichkeiten sind den kindlichen Bed\u00fcrfnissen entsprechend ausgestattet und werden regelm\u00e4\u00dfig gemeinsam mit den Kindern umgestaltet. Ziel ist es, den Kindern eine Wohlf\u00fchlatmosph\u00e4re zu bieten. Die Hausaufgaben werden in Kleingruppen im &hellip; <\/p>\n<p class=\"link-more\"><a href=\"https:\/\/albert-schweitzer-schule-oe.de\/?page_id=46\" class=\"more-link\"><span class=\"screen-reader-text\">\u201eOGS Albert-Schweitzer-Schule\u201c<\/span> weiterlesen<\/a><\/p>\n","protected":false},"author":1,"featured_media":0,"parent":107,"menu_order":0,"comment_status":"closed","ping_status":"closed","template":"","meta":{"footnotes":""},"class_list":["post-46","page","type-page","status-publish","hentry"],"_links":{"self":[{"href":"https:\/\/albert-schweitzer-schule-oe.de\/index.php?rest_route=\/wp\/v2\/pages\/46","targetHints":{"allow":["GET"]}}],"collection":[{"href":"https:\/\/albert-schweitzer-schule-oe.de\/index.php?rest_route=\/wp\/v2\/pages"}],"about":[{"href":"https:\/\/albert-schweitzer-schule-oe.de\/index.php?rest_route=\/wp\/v2\/types\/page"}],"author":[{"embeddable":true,"href":"https:\/\/albert-schweitzer-schule-oe.de\/index.php?rest_route=\/wp\/v2\/users\/1"}],"replies":[{"embeddable":true,"href":"https:\/\/albert-schweitzer-schule-oe.de\/index.php?rest_route=%2Fwp%2Fv2%2Fcomments&post=46"}],"version-history":[{"count":8,"href":"https:\/\/albert-schweitzer-schule-oe.de\/index.php?rest_route=\/wp\/v2\/pages\/46\/revisions"}],"predecessor-version":[{"id":1824,"href":"https:\/\/albert-schweitzer-schule-oe.de\/index.php?rest_route=\/wp\/v2\/pages\/46\/revisions\/1824"}],"up":[{"embeddable":true,"href":"https:\/\/albert-schweitzer-schule-oe.de\/index.php?rest_route=\/wp\/v2\/pages\/107"}],"wp:attachment":[{"href":"https:\/\/albert-schweitzer-schule-oe.de\/index.php?rest_route=%2Fwp%2Fv2%2Fmedia&parent=46"}],"curies":[{"name":"wp","href":"https:\/\/api.w.org\/{rel}","templated":true}]}}