{"id":441,"date":"2020-05-04T07:24:04","date_gmt":"2020-05-04T07:24:04","guid":{"rendered":"http:\/\/albert-schweitzer-schule-oe.de\/?page_id=441"},"modified":"2021-11-04T16:42:24","modified_gmt":"2021-11-04T16:42:24","slug":"freunde-foerderer-und-sponsoren","status":"publish","type":"page","link":"https:\/\/albert-schweitzer-schule-oe.de\/?page_id=441","title":{"rendered":"Freunde, F\u00f6rderer und Sponsoren"},"content":{"rendered":"\n<p>Fortlaufend\nsind wir auf der Suche nach neuen Freunden, F\u00f6rderern und Sponsoren!<\/p>\n\n\n\n<p>Meist\nsind es nur kleine Betr\u00e4ge, mit denen wir aber viel erreichen k\u00f6nnen! <\/p>\n\n\n\n<p>Aber\nauch Sachspenden wie Druckerpapier, Mund-Nasen-Masken, Grillw\u00fcrstchen f\u00fcr das\nn\u00e4chste Schulfest, Farben f\u00fcr die Gestaltung des Schulhofes usw. bringen uns\nimmer weiter.<\/p>\n\n\n\n<p>Wir\nund die Schulgemeinschaft haben viele Ideen, was wir mit Ihnen im Kleinen wie\nim Gro\u00dfen entwickeln k\u00f6nnen. Gerne erfahren wir auch, welche Ideen Sie haben\nund stellen diese dem Lehrerkollegium vor.<\/p>\n\n\n\n<p>Wenn\nSie uns finanziell oder mit Sachleistungen unterst\u00fctzen k\u00f6nnen und wollen, dann\n<a href=\"#EMail\">schreiben<\/a> Sie uns gerne! <\/p>\n\n\n\n<p> Die Gemeinn\u00fctzigkeit des Vereins im Rahmen der F\u00f6rderung der Jugendhilfe  und der Erziehung ist mit Freistellungsbescheid vom 24. September 2021  steuerlich anerkannt. <\/p>\n","protected":false},"excerpt":{"rendered":"<p>Fortlaufend sind wir auf der Suche nach neuen Freunden, F\u00f6rderern und Sponsoren! Meist sind es nur kleine Betr\u00e4ge, mit denen wir aber viel erreichen k\u00f6nnen! Aber auch Sachspenden wie Druckerpapier, Mund-Nasen-Masken, Grillw\u00fcrstchen f\u00fcr das n\u00e4chste Schulfest, Farben f\u00fcr die Gestaltung des Schulhofes usw. bringen uns immer weiter. Wir und die Schulgemeinschaft haben viele Ideen, was &hellip; <\/p>\n<p class=\"link-more\"><a href=\"https:\/\/albert-schweitzer-schule-oe.de\/?page_id=441\" class=\"more-link\"><span class=\"screen-reader-text\">\u201eFreunde, F\u00f6rderer und Sponsoren\u201c<\/span> weiterlesen<\/a><\/p>\n","protected":false},"author":1,"featured_media":0,"parent":26,"menu_order":0,"comment_status":"closed","ping_status":"closed","template":"","meta":{"footnotes":""},"class_list":["post-441","page","type-page","status-publish","hentry"],"_links":{"self":[{"href":"https:\/\/albert-schweitzer-schule-oe.de\/index.php?rest_route=\/wp\/v2\/pages\/441","targetHints":{"allow":["GET"]}}],"collection":[{"href":"https:\/\/albert-schweitzer-schule-oe.de\/index.php?rest_route=\/wp\/v2\/pages"}],"about":[{"href":"https:\/\/albert-schweitzer-schule-oe.de\/index.php?rest_route=\/wp\/v2\/types\/page"}],"author":[{"embeddable":true,"href":"https:\/\/albert-schweitzer-schule-oe.de\/index.php?rest_route=\/wp\/v2\/users\/1"}],"replies":[{"embeddable":true,"href":"https:\/\/albert-schweitzer-schule-oe.de\/index.php?rest_route=%2Fwp%2Fv2%2Fcomments&post=441"}],"version-history":[{"count":3,"href":"https:\/\/albert-schweitzer-schule-oe.de\/index.php?rest_route=\/wp\/v2\/pages\/441\/revisions"}],"predecessor-version":[{"id":950,"href":"https:\/\/albert-schweitzer-schule-oe.de\/index.php?rest_route=\/wp\/v2\/pages\/441\/revisions\/950"}],"up":[{"embeddable":true,"href":"https:\/\/albert-schweitzer-schule-oe.de\/index.php?rest_route=\/wp\/v2\/pages\/26"}],"wp:attachment":[{"href":"https:\/\/albert-schweitzer-schule-oe.de\/index.php?rest_route=%2Fwp%2Fv2%2Fmedia&parent=441"}],"curies":[{"name":"wp","href":"https:\/\/api.w.org\/{rel}","templated":true}]}}