{"id":407,"date":"2020-04-27T15:02:34","date_gmt":"2020-04-27T15:02:34","guid":{"rendered":"http:\/\/albert-schweitzer-schule-oe.de\/?page_id=407"},"modified":"2020-05-04T07:31:39","modified_gmt":"2020-05-04T07:31:39","slug":"archiv-2","status":"publish","type":"page","link":"https:\/\/albert-schweitzer-schule-oe.de\/?page_id=407","title":{"rendered":"Archiv"},"content":{"rendered":"<p><!--StartFragment--><\/p>\n\n\n<table class=\"wp-block-table has-fixed-layout is-style-stripes\"><tbody><tr><td>\n  22.11.2018\n  <\/td><td>   Au\u00dferordentliche   <br>Mitgliederversammlung   <br>Wahl   des neuen Vorstandes   <\/td><\/tr><tr><td>\n  &nbsp;\n  <\/td><td>\n  &nbsp;\n  <\/td><\/tr><tr><td>\n  06.04.2019\n  <\/td><td>   Der   F\u00f6rderverein ruft zum<br> \u201eFr\u00fchjahrsputz\u201c des Schulgel\u00e4ndes<br>   Eltern und Sch\u00fcler helfen tatkr\u00e4ftig mit und lassen den Schulhof in frischem   und farbigem Glanz erstrahlen. F\u00fcr das leibliche Wohl war gesorgt!   <\/td><\/tr><tr><td>\n  &nbsp;\n  <\/td><td>\n  &nbsp;\n  <\/td><\/tr><tr><td>\n  April\n  2019\n  <\/td><td>   Mit   starker Unterst\u00fctzung aus der <br>Elternschaft holt der F\u00f6rderverein f\u00fcr <br>\u201eDie   Nein-Tonne\u201c das p\u00e4dagogische <br>Theater der Klassen 1 und 2 zahlreiche <br>Sterne   und am Ende 250 \u20ac.   <\/td><\/tr><tr><td>\n  &nbsp;\n  <\/td><td>\n  &nbsp;\n  <\/td><\/tr><tr><td>\n  15.06.2019\n  <\/td><td>   Salve   Albert-Schweitzer-Schule   <br> \u201eDie   R\u00f6mer sind los\u201c   <br>Eine   lehrreiche Projektwoche \u00fcber die <br>Zeit der R\u00f6mer gekr\u00f6nt mit einem <br>liebevoll   von allen Sch\u00fclerInnen,<br>LehrernInnen und Eltern organisiertes <br>Schulfest.   &nbsp;   <br>Der   F\u00f6rderverein dankt der B\u00fcrgerstif-<br>tung EmscherLippe-Land f\u00fcr ihre Spende und   dem Stadtmuseum Bergkamen f\u00fcr <br>die unb\u00fcrokratische Bereitstellung der  <br> Kinderstreitwagen.   <\/td><\/tr><tr><td>\n  &nbsp;\n  <\/td><td>\n  &nbsp;\n  <\/td><\/tr><tr><td>\n  21.11.2019\n  <\/td><td>\n  Mitgliederversammlung\n  <\/td><\/tr><tr><td>\n  &nbsp;\n  <\/td><td>\n  &nbsp;\n  <\/td><\/tr><tr><td>\n  30.01.2020\n  <\/td><td>   Muffintag   zum Ende des Schulhalb-<br>jahres   <br>Der   F\u00f6rderverein dankt den flei\u00dfigen <br>B\u00e4cherinnen und B\u00e4ckern!   <\/td><\/tr><\/tbody><\/table>\n\n\n<p><!--EndFragment--><\/p>","protected":false},"excerpt":{"rendered":"<p>22.11.2018 Au\u00dferordentliche Mitgliederversammlung Wahl des neuen Vorstandes &nbsp; &nbsp; 06.04.2019 Der F\u00f6rderverein ruft zum \u201eFr\u00fchjahrsputz\u201c des Schulgel\u00e4ndes Eltern und Sch\u00fcler helfen tatkr\u00e4ftig mit und lassen den Schulhof in frischem und farbigem Glanz erstrahlen. F\u00fcr das leibliche Wohl war gesorgt! &nbsp; &nbsp; April 2019 Mit starker Unterst\u00fctzung aus der Elternschaft holt der F\u00f6rderverein f\u00fcr \u201eDie Nein-Tonne\u201c &hellip; <\/p>\n<p class=\"link-more\"><a href=\"https:\/\/albert-schweitzer-schule-oe.de\/?page_id=407\" class=\"more-link\"><span class=\"screen-reader-text\">\u201eArchiv\u201c<\/span> weiterlesen<\/a><\/p>\n","protected":false},"author":1,"featured_media":0,"parent":26,"menu_order":0,"comment_status":"closed","ping_status":"closed","template":"","meta":{"footnotes":""},"class_list":["post-407","page","type-page","status-publish","hentry"],"_links":{"self":[{"href":"https:\/\/albert-schweitzer-schule-oe.de\/index.php?rest_route=\/wp\/v2\/pages\/407","targetHints":{"allow":["GET"]}}],"collection":[{"href":"https:\/\/albert-schweitzer-schule-oe.de\/index.php?rest_route=\/wp\/v2\/pages"}],"about":[{"href":"https:\/\/albert-schweitzer-schule-oe.de\/index.php?rest_route=\/wp\/v2\/types\/page"}],"author":[{"embeddable":true,"href":"https:\/\/albert-schweitzer-schule-oe.de\/index.php?rest_route=\/wp\/v2\/users\/1"}],"replies":[{"embeddable":true,"href":"https:\/\/albert-schweitzer-schule-oe.de\/index.php?rest_route=%2Fwp%2Fv2%2Fcomments&post=407"}],"version-history":[{"count":4,"href":"https:\/\/albert-schweitzer-schule-oe.de\/index.php?rest_route=\/wp\/v2\/pages\/407\/revisions"}],"predecessor-version":[{"id":450,"href":"https:\/\/albert-schweitzer-schule-oe.de\/index.php?rest_route=\/wp\/v2\/pages\/407\/revisions\/450"}],"up":[{"embeddable":true,"href":"https:\/\/albert-schweitzer-schule-oe.de\/index.php?rest_route=\/wp\/v2\/pages\/26"}],"wp:attachment":[{"href":"https:\/\/albert-schweitzer-schule-oe.de\/index.php?rest_route=%2Fwp%2Fv2%2Fmedia&parent=407"}],"curies":[{"name":"wp","href":"https:\/\/api.w.org\/{rel}","templated":true}]}}