{"id":300,"date":"2020-04-07T08:21:18","date_gmt":"2020-04-07T08:21:18","guid":{"rendered":"http:\/\/albert-schweitzer-schule-oe.de\/?page_id=300"},"modified":"2023-08-19T16:26:55","modified_gmt":"2023-08-19T16:26:55","slug":"iserv-schulserver","status":"publish","type":"page","link":"https:\/\/albert-schweitzer-schule-oe.de\/?page_id=300","title":{"rendered":"iServ &#8211; Schulserver"},"content":{"rendered":"\n<p><br>Bei Fragen melden Sie sich gerne bei uns:<br>a) bei Ihren LehrerInnen \u00fcber die E-mail-Funktion<br>b) bei den Administratoren     <em> <\/em><\/p>\n\n\n\n<p class=\"has-luminous-vivid-amber-color has-text-color\"><em>admins@ass-o-e.de<\/em><\/p>\n\n\n\n<h1 class=\"wp-block-heading\">Hier geht es zu unserem Schulserver: <\/h1>\n\n\n\n<p class=\"has-vivid-green-cyan-color has-text-color\"><a href=\"https:\/\/albert-schweitzer-schule-oe.schulserver.de\/iserv\/\">https:\/\/ass-o-e.de\/iserv\/<\/a><\/p>\n\n\n\n<h2 class=\"wp-block-heading\"><\/h2>\n\n\n\n<p class=\"has-luminous-vivid-orange-color has-text-color has-large-font-size\">Erste Anmeldung bei IServ \u00fcber eine web-Oberfl\u00e4che<\/p>\n\n\n\n<p class=\"has-very-light-gray-background-color has-background\">Hier finden Sie eine kurze Beschreibung f\u00fcr die Eltern der neuen Sch\u00fcler unserer Schule zur Anmeldung am Server oder wenn Sie ein neues vorl\u00e4ufiges Passwort erhalten haben.<\/p>\n\n\n\n<div class=\"wp-block-file\"><a id=\"wp-block-file--media-0bc39057-8abf-4a4e-a3e1-fd1238a0b611\" href=\"https:\/\/albert-schweitzer-schule-oe.de\/wp-content\/uploads\/2020\/08\/Erste-Anmeldung-08-2020-4.pdf\">Erste-Anmeldung-08-2020-4<\/a><\/div>\n\n\n\n<p><\/p>\n\n\n\n<h2 class=\"wp-block-heading\"><\/h2>\n\n\n\n<p class=\"has-luminous-vivid-orange-color has-text-color has-large-font-size\">Anmeldung bei IServ \u00fcber die           iserv-app<\/p>\n\n\n\n<div class=\"wp-block-file\"><a id=\"wp-block-file--media-2c7cfd8f-a8b5-4835-8311-a1638d4786c0\" href=\"https:\/\/albert-schweitzer-schule-oe.de\/wp-content\/uploads\/2021\/10\/Wie-melde-ich-mich-in-der-IServ-App-an.pdf\">Wie-melde-ich-mich-in-der-IServ-App-an<\/a><\/div>\n\n\n\n<h2 class=\"wp-block-heading\"><\/h2>\n\n\n\n<p><\/p>\n\n\n\n<p class=\"has-luminous-vivid-orange-color has-text-color has-large-font-size\">Aufgaben in iserv bearbeiten und abgeben <\/p>\n\n\n\n<p>Im Folgenden wird in kleinen Videos beschrieben, wie Aufgaben bearbeitet und abgegeben werden k\u00f6nnen.<\/p>\n\n\n\n<div class=\"wp-block-file\"><a id=\"wp-block-file--media-bce96ec8-2235-4e26-97ef-55ae03f422d3\" href=\"https:\/\/albert-schweitzer-schule-oe.de\/wp-content\/uploads\/2020\/04\/Anleitung-Aufgaben.pdf\">Anleitung-Aufgaben<\/a><\/div>\n","protected":false},"excerpt":{"rendered":"<p>Bei Fragen melden Sie sich gerne bei uns:a) bei Ihren LehrerInnen \u00fcber die E-mail-Funktionb) bei den Administratoren admins@ass-o-e.de Hier geht es zu unserem Schulserver: https:\/\/ass-o-e.de\/iserv\/ Erste Anmeldung bei IServ \u00fcber eine web-Oberfl\u00e4che Hier finden Sie eine kurze Beschreibung f\u00fcr die Eltern der neuen Sch\u00fcler unserer Schule zur Anmeldung am Server oder wenn Sie ein neues &hellip; <\/p>\n<p class=\"link-more\"><a href=\"https:\/\/albert-schweitzer-schule-oe.de\/?page_id=300\" class=\"more-link\"><span class=\"screen-reader-text\">\u201eiServ &#8211; Schulserver\u201c<\/span> weiterlesen<\/a><\/p>\n","protected":false},"author":2,"featured_media":0,"parent":0,"menu_order":0,"comment_status":"closed","ping_status":"closed","template":"","meta":{"footnotes":""},"class_list":["post-300","page","type-page","status-publish","hentry"],"_links":{"self":[{"href":"https:\/\/albert-schweitzer-schule-oe.de\/index.php?rest_route=\/wp\/v2\/pages\/300","targetHints":{"allow":["GET"]}}],"collection":[{"href":"https:\/\/albert-schweitzer-schule-oe.de\/index.php?rest_route=\/wp\/v2\/pages"}],"about":[{"href":"https:\/\/albert-schweitzer-schule-oe.de\/index.php?rest_route=\/wp\/v2\/types\/page"}],"author":[{"embeddable":true,"href":"https:\/\/albert-schweitzer-schule-oe.de\/index.php?rest_route=\/wp\/v2\/users\/2"}],"replies":[{"embeddable":true,"href":"https:\/\/albert-schweitzer-schule-oe.de\/index.php?rest_route=%2Fwp%2Fv2%2Fcomments&post=300"}],"version-history":[{"count":33,"href":"https:\/\/albert-schweitzer-schule-oe.de\/index.php?rest_route=\/wp\/v2\/pages\/300\/revisions"}],"predecessor-version":[{"id":1429,"href":"https:\/\/albert-schweitzer-schule-oe.de\/index.php?rest_route=\/wp\/v2\/pages\/300\/revisions\/1429"}],"wp:attachment":[{"href":"https:\/\/albert-schweitzer-schule-oe.de\/index.php?rest_route=%2Fwp%2Fv2%2Fmedia&parent=300"}],"curies":[{"name":"wp","href":"https:\/\/api.w.org\/{rel}","templated":true}]}}