{"id":24,"date":"2020-03-20T12:49:56","date_gmt":"2020-03-20T12:49:56","guid":{"rendered":"http:\/\/albert-schweitzer-schule-oe.de\/?page_id=24"},"modified":"2025-11-17T11:59:59","modified_gmt":"2025-11-17T11:59:59","slug":"briefe","status":"publish","type":"page","link":"https:\/\/albert-schweitzer-schule-oe.de\/?page_id=24","title":{"rendered":"Elternbriefe"},"content":{"rendered":"\n<p class=\"has-vivid-cyan-blue-color has-text-color has-link-color has-medium-font-size wp-elements-fd1bc24a460838f3c9ddee7fc12ebe1c\">10.11..2025  Handyordnung<\/p>\n\n\n\n<div data-wp-interactive=\"core\/file\" class=\"wp-block-file\"><object data-wp-bind--hidden=\"!state.hasPdfPreview\" hidden class=\"wp-block-file__embed\" data=\"https:\/\/albert-schweitzer-schule-oe.de\/wp-content\/uploads\/2025\/11\/Handyordnung-ASS-10-2025.pdf\" type=\"application\/pdf\" style=\"width:100%;height:600px\" aria-label=\"Einbettung von Handyordnung-ASS-10-2025.\"><\/object><a id=\"wp-block-file--media-0573a7b7-3b34-4805-ad06-b7a2929906fa\" href=\"https:\/\/albert-schweitzer-schule-oe.de\/wp-content\/uploads\/2025\/11\/Handyordnung-ASS-10-2025.pdf\">Handyordnung-ASS-10-2025<\/a><a href=\"https:\/\/albert-schweitzer-schule-oe.de\/wp-content\/uploads\/2025\/11\/Handyordnung-ASS-10-2025.pdf\" class=\"wp-block-file__button wp-element-button\" download aria-describedby=\"wp-block-file--media-0573a7b7-3b34-4805-ad06-b7a2929906fa\">Herunterladen<\/a><\/div>\n\n\n\n<p class=\"has-black-color has-text-color has-link-color has-small-font-size wp-elements-fda5219e57c5e39af04793b491c56396\"><\/p>\n\n\n\n<h2 class=\"wp-block-heading has-vivid-cyan-blue-color has-text-color has-link-color wp-elements-1c89e5a80f3917d9133224c065c4fd40\">23.06.2025 Einladung Elterncafe<\/h2>\n\n\n\n<div class=\"wp-block-file\"><a id=\"wp-block-file--media-c14882c5-79a2-4c42-b8e0-1b7483aea3ef\" href=\"https:\/\/albert-schweitzer-schule-oe.de\/wp-content\/uploads\/2025\/06\/Einladung-zum-Elterncafe-am-03.07.2025.pdf\">Einladung-zum-Elterncafe-am-03.07.2025<\/a><a href=\"https:\/\/albert-schweitzer-schule-oe.de\/wp-content\/uploads\/2025\/06\/Einladung-zum-Elterncafe-am-03.07.2025.pdf\" class=\"wp-block-file__button wp-element-button\" download aria-describedby=\"wp-block-file--media-c14882c5-79a2-4c42-b8e0-1b7483aea3ef\">Herunterladen<\/a><\/div>\n\n\n\n<h2 class=\"wp-block-heading has-vivid-cyan-blue-color has-text-color has-link-color wp-elements-c7c02512df7149b52289d84a2c034fb5\">29.04.2025 Einladung Elternabend Mediennutzung im Grundschulalter<\/h2>\n\n\n\n<div class=\"wp-block-file\"><a id=\"wp-block-file--media-f5f96c40-a6ec-46d9-9da3-7ce438a388ec\" href=\"https:\/\/albert-schweitzer-schule-oe.de\/wp-content\/uploads\/2025\/05\/Einladung_Elternabend_02.06.2025.pdf\">Einladung_Elternabend_02.06.2025<\/a><a href=\"https:\/\/albert-schweitzer-schule-oe.de\/wp-content\/uploads\/2025\/05\/Einladung_Elternabend_02.06.2025.pdf\" class=\"wp-block-file__button wp-element-button\" download aria-describedby=\"wp-block-file--media-f5f96c40-a6ec-46d9-9da3-7ce438a388ec\">Herunterladen<\/a><\/div>\n\n\n\n<h2 class=\"wp-block-heading has-vivid-cyan-blue-color has-text-color has-link-color wp-elements-b5e4e7bc2dbd449826c6e6db385835a3\">11.03.2025 Zuckerfest<\/h2>\n\n\n\n<div class=\"wp-block-file\"><a id=\"wp-block-file--media-1f075c69-c263-4e27-ba98-0e9abccfe978\" href=\"https:\/\/albert-schweitzer-schule-oe.de\/wp-content\/uploads\/2025\/05\/Zuckerfest_2025.docx\">Zuckerfest_2025<\/a><a href=\"https:\/\/albert-schweitzer-schule-oe.de\/wp-content\/uploads\/2025\/05\/Zuckerfest_2025.docx\" class=\"wp-block-file__button wp-element-button\" download aria-describedby=\"wp-block-file--media-1f075c69-c263-4e27-ba98-0e9abccfe978\">Herunterladen<\/a><\/div>\n\n\n\n<h2 class=\"wp-block-heading has-vivid-cyan-blue-color has-text-color has-link-color wp-elements-b0ac08cc926b19b71db026300bd9a5ad\">19.02.2025 Einladung Kinderkleider- und Spielzeugmarkt<\/h2>\n\n\n\n<div class=\"wp-block-file\"><a id=\"wp-block-file--media-acf79d0a-534d-4e52-a484-ce366a0ecac6\" href=\"https:\/\/albert-schweitzer-schule-oe.de\/wp-content\/uploads\/2025\/02\/Einladung-Kinderkleider-und-Spielzeugmarkt.pdf\">Einladung-Kinderkleider-und-Spielzeugmarkt<\/a><a href=\"https:\/\/albert-schweitzer-schule-oe.de\/wp-content\/uploads\/2025\/02\/Einladung-Kinderkleider-und-Spielzeugmarkt.pdf\" class=\"wp-block-file__button wp-element-button\" download aria-describedby=\"wp-block-file--media-acf79d0a-534d-4e52-a484-ce366a0ecac6\">Herunterladen<\/a><\/div>\n\n\n\n<h2 class=\"wp-block-heading has-vivid-cyan-blue-color has-text-color has-link-color wp-elements-a07360f29f57354281cc928bb71b113f\">05.02.2025 Einladung Elterncafe<\/h2>\n\n\n\n<div class=\"wp-block-file\"><a id=\"wp-block-file--media-3b2d7af9-1a00-4a5d-b945-2b68bac14f59\" href=\"https:\/\/albert-schweitzer-schule-oe.de\/wp-content\/uploads\/2025\/02\/Einladung-Elterncafe-13.02.25.pdf\">Einladung-Elterncafe-13.02.25<\/a><a href=\"https:\/\/albert-schweitzer-schule-oe.de\/wp-content\/uploads\/2025\/02\/Einladung-Elterncafe-13.02.25.pdf\" class=\"wp-block-file__button wp-element-button\" download aria-describedby=\"wp-block-file--media-3b2d7af9-1a00-4a5d-b945-2b68bac14f59\">Herunterladen<\/a><\/div>\n\n\n\n<h2 class=\"wp-block-heading has-vivid-cyan-blue-color has-text-color has-link-color wp-elements-fd684e8974529c2f5906e9d8b506f845\">15.01.2025 Neustrukturierung Schulalltag ab 10.02.2025<\/h2>\n\n\n\n<div class=\"wp-block-file\"><a id=\"wp-block-file--media-f3d22695-7779-49d2-bdb8-0e9b039c8e6a\" href=\"https:\/\/albert-schweitzer-schule-oe.de\/wp-content\/uploads\/2025\/02\/Neustrukturierung-Schulalltag-ab-dem-10.2.2025.pdf\">Neustrukturierung-Schulalltag-ab-dem-10.2.2025<\/a><a href=\"https:\/\/albert-schweitzer-schule-oe.de\/wp-content\/uploads\/2025\/02\/Neustrukturierung-Schulalltag-ab-dem-10.2.2025.pdf\" class=\"wp-block-file__button wp-element-button\" download aria-describedby=\"wp-block-file--media-f3d22695-7779-49d2-bdb8-0e9b039c8e6a\">Herunterladen<\/a><\/div>\n\n\n\n<h2 class=\"wp-block-heading has-vivid-cyan-blue-color has-text-color has-link-color wp-elements-25f7c22b66c6e3cfc205b9af4b07802f\">18.12.2024 Weihnachtsbrief der Ministerin<\/h2>\n\n\n\n<div class=\"wp-block-file\"><a id=\"wp-block-file--media-900a9308-4dac-4913-89d6-fcad8c4d34bf\" href=\"https:\/\/albert-schweitzer-schule-oe.de\/wp-content\/uploads\/2025\/02\/Weihnachtsbrief.pdf\">Weihnachtsbrief<\/a><a href=\"https:\/\/albert-schweitzer-schule-oe.de\/wp-content\/uploads\/2025\/02\/Weihnachtsbrief.pdf\" class=\"wp-block-file__button wp-element-button\" download aria-describedby=\"wp-block-file--media-900a9308-4dac-4913-89d6-fcad8c4d34bf\">Herunterladen<\/a><\/div>\n\n\n\n<h2 class=\"wp-block-heading has-vivid-cyan-blue-color has-text-color has-link-color wp-elements-22e59d828ac3714332034cd606e0bda2\">12.11.2024 Elternbrief Einladung Elterncafe<\/h2>\n\n\n\n<div class=\"wp-block-file\"><a id=\"wp-block-file--media-ceef1281-c3ee-47b4-9264-b7b95e11a947\" href=\"https:\/\/albert-schweitzer-schule-oe.de\/wp-content\/uploads\/2025\/02\/Einladung-Elterncafe.pdf\">Einladung-Elterncafe<\/a><a href=\"https:\/\/albert-schweitzer-schule-oe.de\/wp-content\/uploads\/2025\/02\/Einladung-Elterncafe.pdf\" class=\"wp-block-file__button wp-element-button\" download aria-describedby=\"wp-block-file--media-ceef1281-c3ee-47b4-9264-b7b95e11a947\">Herunterladen<\/a><\/div>\n\n\n\n<h2 class=\"wp-block-heading has-vivid-cyan-blue-color has-text-color has-link-color wp-elements-44e1124016aceb360d9b97cf66ab79a1\">07.11.2024 Elternbrief Einladung Digitale Spiele-Trends <\/h2>\n\n\n\n<div class=\"wp-block-file\"><a id=\"wp-block-file--media-4107425c-ddf5-441f-a042-f9acfa7e0ccd\" href=\"https:\/\/albert-schweitzer-schule-oe.de\/wp-content\/uploads\/2025\/02\/Elternbrief-Digitale-Spiele-Trends.pdf\">Elternbrief-Digitale-Spiele-Trends<\/a><a href=\"https:\/\/albert-schweitzer-schule-oe.de\/wp-content\/uploads\/2025\/02\/Elternbrief-Digitale-Spiele-Trends.pdf\" class=\"wp-block-file__button wp-element-button\" download aria-describedby=\"wp-block-file--media-4107425c-ddf5-441f-a042-f9acfa7e0ccd\">Herunterladen<\/a><\/div>\n\n\n\n<h2 class=\"wp-block-heading has-vivid-cyan-blue-color has-text-color has-link-color wp-elements-8446ddb7e43ca265ad8878893297e298\">23.09.2024 Elternbrief HEUREKA-Wettbewerb<\/h2>\n\n\n\n<div class=\"wp-block-file\"><a id=\"wp-block-file--media-87c22a2e-f87b-4fd6-9d0c-0d74de054276\" href=\"https:\/\/albert-schweitzer-schule-oe.de\/wp-content\/uploads\/2024\/11\/Elternbrief-HEUREKA-2024.pdf\">Elternbrief-HEUREKA-2024<\/a><a href=\"https:\/\/albert-schweitzer-schule-oe.de\/wp-content\/uploads\/2024\/11\/Elternbrief-HEUREKA-2024.pdf\" class=\"wp-block-file__button wp-element-button\" download aria-describedby=\"wp-block-file--media-87c22a2e-f87b-4fd6-9d0c-0d74de054276\">Herunterladen<\/a><\/div>\n\n\n\n<h2 class=\"wp-block-heading has-vivid-cyan-blue-color has-text-color has-link-color wp-elements-61d5df21cf54dad2b75a5d3a16ea53da\">01.10.2024 Elternbrief zum Erntedankfest<\/h2>\n\n\n\n<div class=\"wp-block-file\"><a id=\"wp-block-file--media-753cf834-ef25-482e-92a0-eded099f1465\" href=\"https:\/\/albert-schweitzer-schule-oe.de\/wp-content\/uploads\/2024\/10\/Erntedankfest-mit-Spendenaktion.pdf\">Erntedankfest-mit-Spendenaktion<\/a><a href=\"https:\/\/albert-schweitzer-schule-oe.de\/wp-content\/uploads\/2024\/10\/Erntedankfest-mit-Spendenaktion.pdf\" class=\"wp-block-file__button wp-element-button\" download aria-describedby=\"wp-block-file--media-753cf834-ef25-482e-92a0-eded099f1465\">Herunterladen<\/a><\/div>\n\n\n\n<h2 class=\"wp-block-heading has-vivid-cyan-blue-color has-text-color has-link-color wp-elements-3a8ec2bceb9668d039c1df4b38960527\">10.10.2024 Elternbrief zum Theaterst\u00fcck &#8222;Mein K\u00f6rper geh\u00f6rt mir&#8220;<\/h2>\n\n\n\n<div class=\"wp-block-file\"><a id=\"wp-block-file--media-54c26227-a3a7-44e4-8d58-fa0ca8da5ccf\" href=\"https:\/\/albert-schweitzer-schule-oe.de\/wp-content\/uploads\/2024\/10\/Elternbrief-Mein-Koerper-gehoert-mir-2024.pdf\">Elternbrief-Mein-Koerper-gehoert-mir-2024<\/a><a href=\"https:\/\/albert-schweitzer-schule-oe.de\/wp-content\/uploads\/2024\/10\/Elternbrief-Mein-Koerper-gehoert-mir-2024.pdf\" class=\"wp-block-file__button wp-element-button\" download aria-describedby=\"wp-block-file--media-54c26227-a3a7-44e4-8d58-fa0ca8da5ccf\">Herunterladen<\/a><\/div>\n\n\n\n<h2 class=\"wp-block-heading has-vivid-cyan-blue-color has-text-color has-link-color wp-elements-552f250a4e4120fa7c9e97e0791d830f\">07.11.2024 Einladung zum Elternabend &#8222;Digitale Spiele-Trends<\/h2>\n\n\n\n<div class=\"wp-block-file\"><a id=\"wp-block-file--media-0e5a8db4-fcbc-4629-90b1-a87749732908\" href=\"https:\/\/albert-schweitzer-schule-oe.de\/wp-content\/uploads\/2024\/11\/Einladung-zum-Elternabend-Digitale-Spiele-Trends.pdf\">Einladung-zum-Elternabend-Digitale-Spiele-Trends<\/a><a href=\"https:\/\/albert-schweitzer-schule-oe.de\/wp-content\/uploads\/2024\/11\/Einladung-zum-Elternabend-Digitale-Spiele-Trends.pdf\" class=\"wp-block-file__button wp-element-button\" download aria-describedby=\"wp-block-file--media-0e5a8db4-fcbc-4629-90b1-a87749732908\">Herunterladen<\/a><\/div>\n\n\n\n<h2 class=\"wp-block-heading has-vivid-cyan-blue-color has-text-color has-link-color wp-elements-2acf5000f1e49e1fd1b5ac04d909f6aa\">12.11.2024 Einladung zum Elterncafe<\/h2>\n\n\n\n<div class=\"wp-block-file\"><a id=\"wp-block-file--media-2e28087d-d654-41a3-99a5-c756acaa6432\" href=\"https:\/\/albert-schweitzer-schule-oe.de\/wp-content\/uploads\/2024\/11\/Einladung-zum-Elterncafe-28.11.2024.pdf\">Einladung-zum-Elterncafe-28.11.2024<\/a><a href=\"https:\/\/albert-schweitzer-schule-oe.de\/wp-content\/uploads\/2024\/11\/Einladung-zum-Elterncafe-28.11.2024.pdf\" class=\"wp-block-file__button wp-element-button\" download aria-describedby=\"wp-block-file--media-2e28087d-d654-41a3-99a5-c756acaa6432\">Herunterladen<\/a><\/div>\n\n\n\n<h2 class=\"wp-block-heading\"><\/h2>\n\n\n\n\n","protected":false},"excerpt":{"rendered":"<p>10.11..2025 Handyordnung 23.06.2025 Einladung Elterncafe 29.04.2025 Einladung Elternabend Mediennutzung im Grundschulalter 11.03.2025 Zuckerfest 19.02.2025 Einladung Kinderkleider- und Spielzeugmarkt 05.02.2025 Einladung Elterncafe 15.01.2025 Neustrukturierung Schulalltag ab 10.02.2025 18.12.2024 Weihnachtsbrief der Ministerin 12.11.2024 Elternbrief Einladung Elterncafe 07.11.2024 Elternbrief Einladung Digitale Spiele-Trends 23.09.2024 Elternbrief HEUREKA-Wettbewerb 01.10.2024 Elternbrief zum Erntedankfest 10.10.2024 Elternbrief zum Theaterst\u00fcck &#8222;Mein K\u00f6rper geh\u00f6rt mir&#8220; 07.11.2024 &hellip; <\/p>\n<p class=\"link-more\"><a href=\"https:\/\/albert-schweitzer-schule-oe.de\/?page_id=24\" class=\"more-link\"><span class=\"screen-reader-text\">\u201eElternbriefe\u201c<\/span> weiterlesen<\/a><\/p>\n","protected":false},"author":7,"featured_media":0,"parent":31,"menu_order":0,"comment_status":"closed","ping_status":"closed","template":"","meta":{"footnotes":""},"class_list":["post-24","page","type-page","status-publish","hentry"],"_links":{"self":[{"href":"https:\/\/albert-schweitzer-schule-oe.de\/index.php?rest_route=\/wp\/v2\/pages\/24","targetHints":{"allow":["GET"]}}],"collection":[{"href":"https:\/\/albert-schweitzer-schule-oe.de\/index.php?rest_route=\/wp\/v2\/pages"}],"about":[{"href":"https:\/\/albert-schweitzer-schule-oe.de\/index.php?rest_route=\/wp\/v2\/types\/page"}],"author":[{"embeddable":true,"href":"https:\/\/albert-schweitzer-schule-oe.de\/index.php?rest_route=\/wp\/v2\/users\/7"}],"replies":[{"embeddable":true,"href":"https:\/\/albert-schweitzer-schule-oe.de\/index.php?rest_route=%2Fwp%2Fv2%2Fcomments&post=24"}],"version-history":[{"count":122,"href":"https:\/\/albert-schweitzer-schule-oe.de\/index.php?rest_route=\/wp\/v2\/pages\/24\/revisions"}],"predecessor-version":[{"id":2140,"href":"https:\/\/albert-schweitzer-schule-oe.de\/index.php?rest_route=\/wp\/v2\/pages\/24\/revisions\/2140"}],"up":[{"embeddable":true,"href":"https:\/\/albert-schweitzer-schule-oe.de\/index.php?rest_route=\/wp\/v2\/pages\/31"}],"wp:attachment":[{"href":"https:\/\/albert-schweitzer-schule-oe.de\/index.php?rest_route=%2Fwp%2Fv2%2Fmedia&parent=24"}],"curies":[{"name":"wp","href":"https:\/\/api.w.org\/{rel}","templated":true}]}}