{"id":230,"date":"2020-03-25T13:53:25","date_gmt":"2020-03-25T13:53:25","guid":{"rendered":"http:\/\/albert-schweitzer-schule-oe.de\/?page_id=230"},"modified":"2022-11-09T16:43:10","modified_gmt":"2022-11-09T16:43:10","slug":"aktionen","status":"publish","type":"page","link":"https:\/\/albert-schweitzer-schule-oe.de\/?page_id=230","title":{"rendered":"Neues vom F\u00f6rderverein"},"content":{"rendered":"<p><!--StartFragment--><\/p>\n\n\n<h2 class=\"wp-block-heading\"><\/h2>\n\n\n\n<p><\/p>\n\n\n\n<h4 class=\"wp-block-heading\"><strong>Etwas in eigener Sache<\/strong><\/h4>\n\n\n\n<p>Aktuell und jederzeit freuen wir uns \u00fcber Eltern mit \u201ePack-an\u201c die uns bei der Vorstandsarbeit unterst\u00fctzen. Es ist nun mal so, dass auch von jeden von uns die Grundschulzeit unserer Kinder irgendwann endet und allersp\u00e4testens dann brauchen wir Nachfolger. Wir wollen nicht besch\u00f6nigen, dass sich ein Verein von ganz allein f\u00fchrt, aber es sind auch keine unl\u00f6sbaren Aufgaben. <\/p>\n\n\n\n<p>Wir\nfreuen uns auf euch!<\/p>\n\n\n\n<h2 class=\"wp-block-heading\"><\/h2>\n\n\n\n<h3 class=\"wp-block-heading\"><a><strong>Ideen<\/strong><\/a><\/h3>\n\n\n\n<p>Die\nFolgenden Ideen w\u00fcrden wir gerne mit Ihrer Unterst\u00fctzung umsetzen:<\/p>\n\n\n\n<p>Haben Sie auch Ideen und Anregungen? Dann  schreiben Sie uns! <a href=\"mailto:foerderverein@grundschule-albertschweitzer.de\">foerderverein@grundschule-albertschweitzer.de<\/a><\/p>\n\n\n<p><!--EndFragment--><\/p>\n<hr>","protected":false},"excerpt":{"rendered":"<p>Etwas in eigener Sache Aktuell und jederzeit freuen wir uns \u00fcber Eltern mit \u201ePack-an\u201c die uns bei der Vorstandsarbeit unterst\u00fctzen. Es ist nun mal so, dass auch von jeden von uns die Grundschulzeit unserer Kinder irgendwann endet und allersp\u00e4testens dann brauchen wir Nachfolger. Wir wollen nicht besch\u00f6nigen, dass sich ein Verein von ganz allein f\u00fchrt, &hellip; <\/p>\n<p class=\"link-more\"><a href=\"https:\/\/albert-schweitzer-schule-oe.de\/?page_id=230\" class=\"more-link\"><span class=\"screen-reader-text\">\u201eNeues vom F\u00f6rderverein\u201c<\/span> weiterlesen<\/a><\/p>\n","protected":false},"author":1,"featured_media":0,"parent":26,"menu_order":0,"comment_status":"closed","ping_status":"closed","template":"","meta":{"footnotes":""},"class_list":["post-230","page","type-page","status-publish","hentry"],"_links":{"self":[{"href":"https:\/\/albert-schweitzer-schule-oe.de\/index.php?rest_route=\/wp\/v2\/pages\/230","targetHints":{"allow":["GET"]}}],"collection":[{"href":"https:\/\/albert-schweitzer-schule-oe.de\/index.php?rest_route=\/wp\/v2\/pages"}],"about":[{"href":"https:\/\/albert-schweitzer-schule-oe.de\/index.php?rest_route=\/wp\/v2\/types\/page"}],"author":[{"embeddable":true,"href":"https:\/\/albert-schweitzer-schule-oe.de\/index.php?rest_route=\/wp\/v2\/users\/1"}],"replies":[{"embeddable":true,"href":"https:\/\/albert-schweitzer-schule-oe.de\/index.php?rest_route=%2Fwp%2Fv2%2Fcomments&post=230"}],"version-history":[{"count":9,"href":"https:\/\/albert-schweitzer-schule-oe.de\/index.php?rest_route=\/wp\/v2\/pages\/230\/revisions"}],"predecessor-version":[{"id":1270,"href":"https:\/\/albert-schweitzer-schule-oe.de\/index.php?rest_route=\/wp\/v2\/pages\/230\/revisions\/1270"}],"up":[{"embeddable":true,"href":"https:\/\/albert-schweitzer-schule-oe.de\/index.php?rest_route=\/wp\/v2\/pages\/26"}],"wp:attachment":[{"href":"https:\/\/albert-schweitzer-schule-oe.de\/index.php?rest_route=%2Fwp%2Fv2%2Fmedia&parent=230"}],"curies":[{"name":"wp","href":"https:\/\/api.w.org\/{rel}","templated":true}]}}