{"id":222,"date":"2020-03-25T13:47:51","date_gmt":"2020-03-25T13:47:51","guid":{"rendered":"http:\/\/albert-schweitzer-schule-oe.de\/?page_id=222"},"modified":"2021-11-04T16:39:08","modified_gmt":"2021-11-04T16:39:08","slug":"vorstand","status":"publish","type":"page","link":"https:\/\/albert-schweitzer-schule-oe.de\/?page_id=222","title":{"rendered":"\u00dcber uns"},"content":{"rendered":"\n<p>Liebe\nFreunde der Albert-Schweitzer-Schule,<\/p>\n\n\n\n<p>wir\nfreuen uns, dass Sie den Weg zu uns gefunden haben!<\/p>\n\n\n\n<p><strong>Ihr Kind<\/strong> beginnt entweder bald seine\/ihre Schullaufbahn\noder ist bereits Sch\u00fclerIn an der Albert-Schweitzer-Schule in Oer-Erkenschwick.\nDas war eine gute Entscheidung!<\/p>\n\n\n\n<p><strong>Vielleicht<\/strong> hatten Sie aber auch selbst einige gute Jahre an\nder Albert-Schweitzer-Schule als Sch\u00fclerIn oder LehrerIn oder Sie wollen uns\naus welchem Grund auch immer gerne unterst\u00fctzen.<br>\nAuch das ist eine gute Entscheidung!<\/p>\n\n\n\n<p>Wir als Vertreter des\nF\u00f6rdervereins organisieren die Elternschaft um unserer Schulgemeinschaft und\nsomit insbesondere allen Sch\u00fclerInnen der Albert-Schweitzer-Schule \u201eDAS GEWISSE\nPLUS\u201c zu bereiten!<\/p>\n\n\n\n<p><strong>\u201eDAS GEWISSE PLUS\u201c<\/strong> ist die finanzielle und\ntatkr\u00e4ftige Unterst\u00fctzung <br>\ndurch unsere Mitglieder und andere engagierte Menschen.<\/p>\n\n\n\n<p><strong>Das hei\u00dft konkret<\/strong>, wir helfen unserer\nSchulgemeinschaft bei Projekten und Anschaffungen, f\u00fcr die der schulische Etat\nnicht ausreicht oder nicht verwendet werden kann, wie z.B. <\/p>\n\n\n\n<ul class=\"wp-block-list\"><li>Schulfeste<\/li><li>Projektwochen \u201eSchulzirkus\u201c und \u201eSchulplanetarium\u201c<\/li><li>P\u00e4dagogische Workshops \u201eDie Nein-Tonne\u201c und \u201eMein\nK\u00f6rper geh\u00f6rt mir\u201c<\/li><li>Gemeinschaftsaktionen wie der \u201eFr\u00fchjahrsputz\u201c<\/li><li>Anschaffung von besonderem Lehr- und\nBastelmaterial<\/li><li>Und noch vieles mehr<\/li><\/ul>\n\n\n\n<p>Damit f\u00f6rdern und\nst\u00e4rken wir die Gemeinschaft aus Sch\u00fclernInnen, Eltern und Lehrkr\u00e4ften.<\/p>\n\n\n\n<p><strong>Um\nall das zu Leisten ben\u00f6tigen wir Hilfe!<\/strong><br>\nFinanziell unterst\u00fctzen Sie uns einfach als Mitglied durch Ihren j\u00e4hrlichen\nBeitrag von mindestens 7 \u20ac, Sie k\u00f6nnen auch gerne mehr beitragen. <br>\nAber auch jeder andere Freund und F\u00f6rderer (ohne Mitgliedsstatus) kann durch\neinfache \u00dcberweisung auf das Vereinskonto mit der IBAN DE58 4265 0150 0008 3077\n38 tolle Aktionen und wichtige Erlebnisse f\u00fcr unsere Kinder m\u00f6glich machen.<\/p>\n\n\n\n<p>Dar\u00fcber hinaus k\u00f6nnen Sie, Ihr Arbeitgeber oder\nandere Personen auch gerne Sachspenden wie z.B. die Palette Kopierpapier die\nschon lange im Lager \u00fcbrig ist oder andere Dinge nach R\u00fccksprache mit uns zur\nVerf\u00fcgung stellen. Sachgem\u00e4\u00dfe Spendenquittungen stellen wir bei Bedarf gerne aus.<\/p>\n\n\n\n<p>Wenn wir Sie mit unserem Angebot \u00fcberzeugen k\u00f6nnen, dann freuen wir uns \u00fcber Ihre ausgef\u00fcllte Beitrittserkl\u00e4rung. Und wenn wir Sie noch nicht \u00fcberzeugen konnten, dann sprechen Sie uns bitte an oder schreiben eine e-mail (  <a href=\"mailto:foerderverein@grundschule-albertschweitzer.de\">foerderverein@grundschule-albertschweitzer.de<\/a> ).<\/p>\n\n\n\n<p>Es gr\u00fc\u00dfen herzlich,<\/p>\n\n\n\n<table class=\"wp-block-table\"><tbody><tr><td>\n  <strong>Andr\u00e9 Gesing<\/strong>\n  <\/td><td>\n  <strong>Volker\n  Przygoda<\/strong>\n  <\/td><td>  <strong>Alexandra Rybka <\/strong> <\/td><td>   <strong>Mirka Stubbe<\/strong>   <\/td><\/tr><tr><td>\n  <em>Vorsitzender<\/em>\n  <\/td><td>\n  <em>Stellv. Vorsitzender<\/em>\n  <\/td><td>\n  <em>Kassenwartin<\/em>\n  <\/td><td>\n  <em>Stellv. Kassenwartin<\/em>\n  <\/td><\/tr><\/tbody><\/table>\n\n\n\n<p class=\"has-huge-font-size\"><\/p>\n\n\n\n<p><\/p>\n\n\n\n<p class=\"has-large-font-size\">Downloads<\/p>\n\n\n\n<div class=\"wp-block-file\"><a href=\"https:\/\/albert-schweitzer-schule-oe.de\/wp-content\/uploads\/2021\/11\/Beitrittserklaerung_2021_04.pdf\">Beitrittserklaerung_2021_04<\/a><\/div>\n\n\n\n<div class=\"wp-block-file\"><a href=\"https:\/\/albert-schweitzer-schule-oe.de\/wp-content\/uploads\/2021\/11\/DatenschutzInformation_2021_04.pdf\">DatenschutzInformation_2021_04<\/a><\/div>\n","protected":false},"excerpt":{"rendered":"<p>Liebe Freunde der Albert-Schweitzer-Schule, wir freuen uns, dass Sie den Weg zu uns gefunden haben! Ihr Kind beginnt entweder bald seine\/ihre Schullaufbahn oder ist bereits Sch\u00fclerIn an der Albert-Schweitzer-Schule in Oer-Erkenschwick. Das war eine gute Entscheidung! Vielleicht hatten Sie aber auch selbst einige gute Jahre an der Albert-Schweitzer-Schule als Sch\u00fclerIn oder LehrerIn oder Sie wollen &hellip; <\/p>\n<p class=\"link-more\"><a href=\"https:\/\/albert-schweitzer-schule-oe.de\/?page_id=222\" class=\"more-link\"><span class=\"screen-reader-text\">\u201e\u00dcber uns\u201c<\/span> weiterlesen<\/a><\/p>\n","protected":false},"author":1,"featured_media":0,"parent":26,"menu_order":0,"comment_status":"closed","ping_status":"closed","template":"","meta":{"footnotes":""},"class_list":["post-222","page","type-page","status-publish","hentry"],"_links":{"self":[{"href":"https:\/\/albert-schweitzer-schule-oe.de\/index.php?rest_route=\/wp\/v2\/pages\/222","targetHints":{"allow":["GET"]}}],"collection":[{"href":"https:\/\/albert-schweitzer-schule-oe.de\/index.php?rest_route=\/wp\/v2\/pages"}],"about":[{"href":"https:\/\/albert-schweitzer-schule-oe.de\/index.php?rest_route=\/wp\/v2\/types\/page"}],"author":[{"embeddable":true,"href":"https:\/\/albert-schweitzer-schule-oe.de\/index.php?rest_route=\/wp\/v2\/users\/1"}],"replies":[{"embeddable":true,"href":"https:\/\/albert-schweitzer-schule-oe.de\/index.php?rest_route=%2Fwp%2Fv2%2Fcomments&post=222"}],"version-history":[{"count":12,"href":"https:\/\/albert-schweitzer-schule-oe.de\/index.php?rest_route=\/wp\/v2\/pages\/222\/revisions"}],"predecessor-version":[{"id":947,"href":"https:\/\/albert-schweitzer-schule-oe.de\/index.php?rest_route=\/wp\/v2\/pages\/222\/revisions\/947"}],"up":[{"embeddable":true,"href":"https:\/\/albert-schweitzer-schule-oe.de\/index.php?rest_route=\/wp\/v2\/pages\/26"}],"wp:attachment":[{"href":"https:\/\/albert-schweitzer-schule-oe.de\/index.php?rest_route=%2Fwp%2Fv2%2Fmedia&parent=222"}],"curies":[{"name":"wp","href":"https:\/\/api.w.org\/{rel}","templated":true}]}}