{"id":22,"date":"2020-03-20T12:44:27","date_gmt":"2020-03-20T12:44:27","guid":{"rendered":"http:\/\/albert-schweitzer-schule-oe.de\/?page_id=22"},"modified":"2025-10-31T11:05:38","modified_gmt":"2025-10-31T11:05:38","slug":"jahrgang-2-2","status":"publish","type":"page","link":"https:\/\/albert-schweitzer-schule-oe.de\/?page_id=22","title":{"rendered":"Jahrgang 3"},"content":{"rendered":"\n<h2 class=\"wp-block-heading\"><\/h2>\n\n\n\n<p><\/p>\n\n\n\n<p>3a &#8211; L\u00f6wenklasse<\/p>\n\n\n\n<p>Klassenlehrerin Frau Sasse <\/p>\n\n\n\n<p>Sprechstunde (nach vorheriger Absprache \u00fcber iserv): mittwochs 8.45 &#8211; 9.30 Uhr<\/p>\n\n\n\n<p>Frau Potthoff<\/p>\n\n\n\n<p>Sprechstunde (nach vorheriger Absprache \u00fcber iserv): donnerstags 8.45 &#8211; 9.30 Uhr Uhr<\/p>\n\n\n\n<figure class=\"wp-block-image size-full is-resized\"><img loading=\"lazy\" decoding=\"async\" width=\"663\" height=\"1024\" src=\"https:\/\/albert-schweitzer-schule-oe.de\/wp-content\/uploads\/2023\/09\/image-1.jpeg\" alt=\"Dieses Bild hat ein leeres Alt-Attribut. Der Dateiname ist IMG_8364-663x1024.jpeg\" class=\"wp-image-1574\" style=\"width:115px;height:178px\" srcset=\"https:\/\/albert-schweitzer-schule-oe.de\/wp-content\/uploads\/2023\/09\/image-1.jpeg 663w, https:\/\/albert-schweitzer-schule-oe.de\/wp-content\/uploads\/2023\/09\/image-1-194x300.jpeg 194w\" sizes=\"auto, (max-width: 663px) 100vw, 663px\" \/><\/figure>\n\n\n\n<h2 class=\"wp-block-heading\"><\/h2>\n\n\n\n<p>3b &#8211; Waschb\u00e4rklasse<\/p>\n\n\n\n<p>Klassenlehrer Herr Groth<\/p>\n\n\n\n<p>Sprechstunde (nach vorheriger Absprache \u00fcber iserv):<\/p>\n\n\n\n<figure class=\"wp-block-image size-large is-resized\"><img loading=\"lazy\" decoding=\"async\" width=\"1024\" height=\"801\" src=\"https:\/\/albert-schweitzer-schule-oe.de\/wp-content\/uploads\/2023\/09\/IMG_8364-2-1024x801.jpeg\" alt=\"\" class=\"wp-image-1575\" style=\"width:157px;height:123px\" srcset=\"https:\/\/albert-schweitzer-schule-oe.de\/wp-content\/uploads\/2023\/09\/IMG_8364-2-1024x801.jpeg 1024w, https:\/\/albert-schweitzer-schule-oe.de\/wp-content\/uploads\/2023\/09\/IMG_8364-2-300x235.jpeg 300w, https:\/\/albert-schweitzer-schule-oe.de\/wp-content\/uploads\/2023\/09\/IMG_8364-2-768x600.jpeg 768w, https:\/\/albert-schweitzer-schule-oe.de\/wp-content\/uploads\/2023\/09\/IMG_8364-2-1536x1201.jpeg 1536w, https:\/\/albert-schweitzer-schule-oe.de\/wp-content\/uploads\/2023\/09\/IMG_8364-2.jpeg 1581w\" sizes=\"auto, (max-width: 706px) 89vw, (max-width: 767px) 82vw, 740px\" \/><\/figure>\n\n\n\n<h2 class=\"wp-block-heading\"><\/h2>\n\n\n\n<p>3c &#8211; Pinguinklasse<\/p>\n\n\n\n<p>Klassenlehrerin Frau Hachmann<\/p>\n\n\n\n<p>Sprechstunde (nach vorheriger Absprache \u00fcber iserv): mittwochs 8.45 &#8211; 9.30 Uhr<\/p>\n\n\n\n<figure class=\"wp-block-image size-large is-resized\"><img loading=\"lazy\" decoding=\"async\" width=\"884\" height=\"1024\" src=\"https:\/\/albert-schweitzer-schule-oe.de\/wp-content\/uploads\/2023\/09\/IMG_8364-Kopie-884x1024.jpeg\" alt=\"\" class=\"wp-image-1576\" style=\"width:150px;height:174px\" srcset=\"https:\/\/albert-schweitzer-schule-oe.de\/wp-content\/uploads\/2023\/09\/IMG_8364-Kopie-884x1024.jpeg 884w, https:\/\/albert-schweitzer-schule-oe.de\/wp-content\/uploads\/2023\/09\/IMG_8364-Kopie-259x300.jpeg 259w, https:\/\/albert-schweitzer-schule-oe.de\/wp-content\/uploads\/2023\/09\/IMG_8364-Kopie-768x890.jpeg 768w, https:\/\/albert-schweitzer-schule-oe.de\/wp-content\/uploads\/2023\/09\/IMG_8364-Kopie.jpeg 1275w\" sizes=\"auto, (max-width: 706px) 89vw, (max-width: 767px) 82vw, 740px\" \/><\/figure>\n","protected":false},"excerpt":{"rendered":"<p>3a &#8211; L\u00f6wenklasse Klassenlehrerin Frau Sasse Sprechstunde (nach vorheriger Absprache \u00fcber iserv): mittwochs 8.45 &#8211; 9.30 Uhr Frau Potthoff Sprechstunde (nach vorheriger Absprache \u00fcber iserv): donnerstags 8.45 &#8211; 9.30 Uhr Uhr 3b &#8211; Waschb\u00e4rklasse Klassenlehrer Herr Groth Sprechstunde (nach vorheriger Absprache \u00fcber iserv): 3c &#8211; Pinguinklasse Klassenlehrerin Frau Hachmann Sprechstunde (nach vorheriger Absprache \u00fcber iserv): &hellip; <\/p>\n<p class=\"link-more\"><a href=\"https:\/\/albert-schweitzer-schule-oe.de\/?page_id=22\" class=\"more-link\"><span class=\"screen-reader-text\">\u201eJahrgang 3\u201c<\/span> weiterlesen<\/a><\/p>\n","protected":false},"author":1,"featured_media":0,"parent":1518,"menu_order":2,"comment_status":"closed","ping_status":"closed","template":"","meta":{"footnotes":""},"class_list":["post-22","page","type-page","status-publish","hentry"],"_links":{"self":[{"href":"https:\/\/albert-schweitzer-schule-oe.de\/index.php?rest_route=\/wp\/v2\/pages\/22","targetHints":{"allow":["GET"]}}],"collection":[{"href":"https:\/\/albert-schweitzer-schule-oe.de\/index.php?rest_route=\/wp\/v2\/pages"}],"about":[{"href":"https:\/\/albert-schweitzer-schule-oe.de\/index.php?rest_route=\/wp\/v2\/types\/page"}],"author":[{"embeddable":true,"href":"https:\/\/albert-schweitzer-schule-oe.de\/index.php?rest_route=\/wp\/v2\/users\/1"}],"replies":[{"embeddable":true,"href":"https:\/\/albert-schweitzer-schule-oe.de\/index.php?rest_route=%2Fwp%2Fv2%2Fcomments&post=22"}],"version-history":[{"count":23,"href":"https:\/\/albert-schweitzer-schule-oe.de\/index.php?rest_route=\/wp\/v2\/pages\/22\/revisions"}],"predecessor-version":[{"id":2117,"href":"https:\/\/albert-schweitzer-schule-oe.de\/index.php?rest_route=\/wp\/v2\/pages\/22\/revisions\/2117"}],"up":[{"embeddable":true,"href":"https:\/\/albert-schweitzer-schule-oe.de\/index.php?rest_route=\/wp\/v2\/pages\/1518"}],"wp:attachment":[{"href":"https:\/\/albert-schweitzer-schule-oe.de\/index.php?rest_route=%2Fwp%2Fv2%2Fmedia&parent=22"}],"curies":[{"name":"wp","href":"https:\/\/api.w.org\/{rel}","templated":true}]}}