{"id":20,"date":"2020-03-20T12:44:16","date_gmt":"2020-03-20T12:44:16","guid":{"rendered":"http:\/\/albert-schweitzer-schule-oe.de\/?page_id=20"},"modified":"2025-09-02T12:06:22","modified_gmt":"2025-09-02T12:06:22","slug":"jahrgang-1","status":"publish","type":"page","link":"https:\/\/albert-schweitzer-schule-oe.de\/?page_id=20","title":{"rendered":"Jahrgang 2"},"content":{"rendered":"\n<p><\/p>\n\n\n\n<p>2a &#8211; Froschklasse<\/p>\n\n\n\n<p>Klassenlehrerin Frau Bomholt<\/p>\n\n\n\n<p>Sprechstunde (nach vorheriger Absprache \u00fcber iserv): montags 10.45 &#8211; 11.30 Uhr<\/p>\n\n\n\n<figure class=\"wp-block-image size-full is-resized\"><img loading=\"lazy\" decoding=\"async\" width=\"500\" height=\"500\" src=\"https:\/\/albert-schweitzer-schule-oe.de\/wp-content\/uploads\/2025\/07\/BUTTON-Frosch-bunt-0-1.jpg\" alt=\"\" class=\"wp-image-2044\" style=\"width:237px;height:auto\" srcset=\"https:\/\/albert-schweitzer-schule-oe.de\/wp-content\/uploads\/2025\/07\/BUTTON-Frosch-bunt-0-1.jpg 500w, https:\/\/albert-schweitzer-schule-oe.de\/wp-content\/uploads\/2025\/07\/BUTTON-Frosch-bunt-0-1-300x300.jpg 300w, https:\/\/albert-schweitzer-schule-oe.de\/wp-content\/uploads\/2025\/07\/BUTTON-Frosch-bunt-0-1-150x150.jpg 150w, https:\/\/albert-schweitzer-schule-oe.de\/wp-content\/uploads\/2025\/07\/BUTTON-Frosch-bunt-0-1-100x100.jpg 100w\" sizes=\"auto, (max-width: 500px) 100vw, 500px\" \/><\/figure>\n\n\n\n<p><\/p>\n\n\n\n<p><\/p>\n\n\n\n<p><\/p>\n\n\n\n<p>2b &#8211; Koalaklasse<\/p>\n\n\n\n<p>Klassenlehrerin Frau L\u00fctteke<\/p>\n\n\n\n<p>Sprechstunde (nach vorheriger Absprache \u00fcber iserv):<\/p>\n\n\n\n<figure class=\"wp-block-image size-full is-resized\"><img loading=\"lazy\" decoding=\"async\" width=\"500\" height=\"500\" src=\"https:\/\/albert-schweitzer-schule-oe.de\/wp-content\/uploads\/2025\/07\/BUTTON-KOALA-bunt-0.jpg\" alt=\"\" class=\"wp-image-2045\" style=\"width:238px;height:auto\" srcset=\"https:\/\/albert-schweitzer-schule-oe.de\/wp-content\/uploads\/2025\/07\/BUTTON-KOALA-bunt-0.jpg 500w, https:\/\/albert-schweitzer-schule-oe.de\/wp-content\/uploads\/2025\/07\/BUTTON-KOALA-bunt-0-300x300.jpg 300w, https:\/\/albert-schweitzer-schule-oe.de\/wp-content\/uploads\/2025\/07\/BUTTON-KOALA-bunt-0-150x150.jpg 150w, https:\/\/albert-schweitzer-schule-oe.de\/wp-content\/uploads\/2025\/07\/BUTTON-KOALA-bunt-0-100x100.jpg 100w\" sizes=\"auto, (max-width: 500px) 100vw, 500px\" \/><\/figure>\n\n\n\n<p><\/p>\n\n\n\n<p>2c &#8211; Drachenklasse<\/p>\n\n\n\n<p>Klassenlehrerinnen Frau Scheffler <\/p>\n\n\n\n<p>Sprechstunde (nach vorheriger Absprache \u00fcber iserv): mittwochs 10.45-11.30 Uhr<\/p>\n\n\n\n<figure class=\"wp-block-image size-full is-resized\"><img loading=\"lazy\" decoding=\"async\" width=\"669\" height=\"1024\" src=\"https:\/\/albert-schweitzer-schule-oe.de\/wp-content\/uploads\/2024\/08\/image.jpeg\" alt=\"Dieses Bild hat ein leeres Alt-Attribut. Der Dateiname ist fc972bb6-91ad-446b-9c56-12671cdb82d1-669x1024.jpg\" class=\"wp-image-1814\" style=\"width:168px;height:auto\" srcset=\"https:\/\/albert-schweitzer-schule-oe.de\/wp-content\/uploads\/2024\/08\/image.jpeg 669w, https:\/\/albert-schweitzer-schule-oe.de\/wp-content\/uploads\/2024\/08\/image-196x300.jpeg 196w\" sizes=\"auto, (max-width: 669px) 100vw, 669px\" \/><\/figure>\n\n\n\n<p><\/p>\n\n\n\n<p>2d &#8211; Piratenklasse<\/p>\n\n\n\n<p>Klassenlehrer Thomas Knauer<\/p>\n\n\n\n<p>Sprechstunde (nach vorheriger Absprache \u00fcber iserv): mittwochs 12.35 &#8211; 13.20 Uhr<\/p>\n\n\n\n<figure class=\"wp-block-gallery has-nested-images columns-default is-cropped wp-block-gallery-1 is-layout-flex wp-block-gallery-is-layout-flex\">\n<figure class=\"wp-block-image size-full\"><img loading=\"lazy\" decoding=\"async\" width=\"500\" height=\"494\" data-id=\"2047\" src=\"https:\/\/albert-schweitzer-schule-oe.de\/wp-content\/uploads\/2025\/07\/button-piratenklasse-bunt-0-3.jpg\" alt=\"\" class=\"wp-image-2047\" srcset=\"https:\/\/albert-schweitzer-schule-oe.de\/wp-content\/uploads\/2025\/07\/button-piratenklasse-bunt-0-3.jpg 500w, https:\/\/albert-schweitzer-schule-oe.de\/wp-content\/uploads\/2025\/07\/button-piratenklasse-bunt-0-3-300x296.jpg 300w, https:\/\/albert-schweitzer-schule-oe.de\/wp-content\/uploads\/2025\/07\/button-piratenklasse-bunt-0-3-100x100.jpg 100w\" sizes=\"auto, (max-width: 500px) 100vw, 500px\" \/><\/figure>\n\n\n\n<figure class=\"wp-block-image size-full\"><img loading=\"lazy\" decoding=\"async\" width=\"500\" height=\"494\" data-id=\"2046\" src=\"https:\/\/albert-schweitzer-schule-oe.de\/wp-content\/uploads\/2025\/07\/button-piratenklasse-bunt-1-2.jpg\" alt=\"\" class=\"wp-image-2046\" srcset=\"https:\/\/albert-schweitzer-schule-oe.de\/wp-content\/uploads\/2025\/07\/button-piratenklasse-bunt-1-2.jpg 500w, https:\/\/albert-schweitzer-schule-oe.de\/wp-content\/uploads\/2025\/07\/button-piratenklasse-bunt-1-2-300x296.jpg 300w, https:\/\/albert-schweitzer-schule-oe.de\/wp-content\/uploads\/2025\/07\/button-piratenklasse-bunt-1-2-100x100.jpg 100w\" sizes=\"auto, (max-width: 500px) 100vw, 500px\" \/><\/figure>\n<\/figure>\n","protected":false},"excerpt":{"rendered":"<p>2a &#8211; Froschklasse Klassenlehrerin Frau Bomholt Sprechstunde (nach vorheriger Absprache \u00fcber iserv): montags 10.45 &#8211; 11.30 Uhr 2b &#8211; Koalaklasse Klassenlehrerin Frau L\u00fctteke Sprechstunde (nach vorheriger Absprache \u00fcber iserv): 2c &#8211; Drachenklasse Klassenlehrerinnen Frau Scheffler Sprechstunde (nach vorheriger Absprache \u00fcber iserv): mittwochs 10.45-11.30 Uhr 2d &#8211; Piratenklasse Klassenlehrer Thomas Knauer Sprechstunde (nach vorheriger Absprache \u00fcber &hellip; <\/p>\n<p class=\"link-more\"><a href=\"https:\/\/albert-schweitzer-schule-oe.de\/?page_id=20\" class=\"more-link\"><span class=\"screen-reader-text\">\u201eJahrgang 2\u201c<\/span> weiterlesen<\/a><\/p>\n","protected":false},"author":1,"featured_media":0,"parent":1518,"menu_order":1,"comment_status":"closed","ping_status":"closed","template":"","meta":{"footnotes":""},"class_list":["post-20","page","type-page","status-publish","hentry"],"_links":{"self":[{"href":"https:\/\/albert-schweitzer-schule-oe.de\/index.php?rest_route=\/wp\/v2\/pages\/20","targetHints":{"allow":["GET"]}}],"collection":[{"href":"https:\/\/albert-schweitzer-schule-oe.de\/index.php?rest_route=\/wp\/v2\/pages"}],"about":[{"href":"https:\/\/albert-schweitzer-schule-oe.de\/index.php?rest_route=\/wp\/v2\/types\/page"}],"author":[{"embeddable":true,"href":"https:\/\/albert-schweitzer-schule-oe.de\/index.php?rest_route=\/wp\/v2\/users\/1"}],"replies":[{"embeddable":true,"href":"https:\/\/albert-schweitzer-schule-oe.de\/index.php?rest_route=%2Fwp%2Fv2%2Fcomments&post=20"}],"version-history":[{"count":24,"href":"https:\/\/albert-schweitzer-schule-oe.de\/index.php?rest_route=\/wp\/v2\/pages\/20\/revisions"}],"predecessor-version":[{"id":2111,"href":"https:\/\/albert-schweitzer-schule-oe.de\/index.php?rest_route=\/wp\/v2\/pages\/20\/revisions\/2111"}],"up":[{"embeddable":true,"href":"https:\/\/albert-schweitzer-schule-oe.de\/index.php?rest_route=\/wp\/v2\/pages\/1518"}],"wp:attachment":[{"href":"https:\/\/albert-schweitzer-schule-oe.de\/index.php?rest_route=%2Fwp%2Fv2%2Fmedia&parent=20"}],"curies":[{"name":"wp","href":"https:\/\/api.w.org\/{rel}","templated":true}]}}