{"id":2,"date":"2016-05-10T03:48:21","date_gmt":"2016-05-10T03:48:21","guid":{"rendered":"http:\/\/albert-schweitzer-schule-oe.de\/?page_id=2"},"modified":"2026-01-12T15:49:19","modified_gmt":"2026-01-12T15:49:19","slug":"sample-page","status":"publish","type":"page","link":"https:\/\/albert-schweitzer-schule-oe.de\/","title":{"rendered":"Startseite"},"content":{"rendered":"\n<figure class=\"wp-block-image size-full is-resized\"><img loading=\"lazy\" decoding=\"async\" width=\"951\" height=\"1024\" src=\"https:\/\/albert-schweitzer-schule-oe.de\/wp-content\/uploads\/2025\/02\/image.jpeg\" alt=\"Dieses Bild hat ein leeres Alt-Attribut. Der Dateiname ist IMG_2603-951x1024.jpeg\" class=\"wp-image-1947\" style=\"width:675px;height:auto\" srcset=\"https:\/\/albert-schweitzer-schule-oe.de\/wp-content\/uploads\/2025\/02\/image.jpeg 951w, https:\/\/albert-schweitzer-schule-oe.de\/wp-content\/uploads\/2025\/02\/image-279x300.jpeg 279w, https:\/\/albert-schweitzer-schule-oe.de\/wp-content\/uploads\/2025\/02\/image-768x827.jpeg 768w\" sizes=\"auto, (max-width: 706px) 89vw, (max-width: 767px) 82vw, 740px\" \/><\/figure>\n\n\n\n<p class=\"has-vivid-red-color has-text-color has-link-color wp-elements-c9365267f914bd71ea50e5e539e3962b\"><\/p>\n\n\n<h3 style=\"text-align: center;\">Willkommen an der Albert-Schweitzer-Schule<\/h3>\n<p>Herzlich hei\u00dfen wir Sie auf unserer Internetplattform der Albert-Schweitzer-Schule willkommen! Wenn Sie sich \u00fcber unsere Schule und das Schulleben informieren wollen, sind Sie hier auf der richtigen Seite.<\/p>\n<p>Zurzeit lernen 349 Schulkinder an unserer Schule. \u00a0Die Kinder werden von 16 LehrerInnen, einer Sonderp\u00e4dagogin, einer Sozialp\u00e4dagogin, einer Heilp\u00e4dagogin, einer Schulsozialarbeiterin und zwei Alltagshelferinnnen begleitet. Als Ort des gemeinsamen Lernens besuchen auch Sch\u00fclerInnen mit Unterst\u00fctzungsbedarf diese Schule. Sie ist eine Ortsteilschule, die f\u00fcr jedes Grundschulkind ge\u00f6ffnet ist, ebenso f\u00fcr Kinder, deren Wurzeln in anderen Herkunftsl\u00e4ndern liegen.<\/p>\n<p>Die Albert-Schweitzer-Schule ist eine Grundschule mit angegliedertem OGS-Bereich in einer Kleinstadt (ca. 30 000 Einwohner) am n\u00f6rdlichen Rande des Ruhrgebietes.<br \/>Wir sind eine evangelische Konfessionsschule.<\/p>\n\n\n<h2 class=\"wp-block-heading has-vivid-cyan-blue-color has-text-color\">Hier geht es zu Iserv:<\/h2>\n\n\n\n<\/p>\n<p class=\"has-vivid-green-cyan-color has-text-color\"><a href=\"https:\/\/albert-schweitzer-schule-oe.schulserver.de\/iserv\/\">https:\/\/ass-o-e.de\/iserv\/<\/a><\/p>\n<p>\n\n\n\n<h2 class=\"wp-block-heading has-vivid-cyan-blue-color has-text-color\">Hier geht es zu den Terminen:<\/h2>\n\n\n\n<p><a href=\"https:\/\/albert-schweitzer-schule-oe.de\/?page_id=440\">https:\/\/ass-o-e.de\/termine\/<\/a><\/p>\n\n\n\n<p><\/p>\n\n\n\n<figure class=\"wp-block-image size-large is-resized\"><img loading=\"lazy\" decoding=\"async\" width=\"879\" height=\"1024\" src=\"https:\/\/albert-schweitzer-schule-oe.de\/wp-content\/uploads\/2025\/01\/fobizz_Siegel_2024-2025_transparenter_Hintergrund-879x1024.png\" alt=\"\" class=\"wp-image-1898\" style=\"width:136px;height:auto\" srcset=\"https:\/\/albert-schweitzer-schule-oe.de\/wp-content\/uploads\/2025\/01\/fobizz_Siegel_2024-2025_transparenter_Hintergrund-879x1024.png 879w, https:\/\/albert-schweitzer-schule-oe.de\/wp-content\/uploads\/2025\/01\/fobizz_Siegel_2024-2025_transparenter_Hintergrund-258x300.png 258w, https:\/\/albert-schweitzer-schule-oe.de\/wp-content\/uploads\/2025\/01\/fobizz_Siegel_2024-2025_transparenter_Hintergrund-768x894.png 768w, https:\/\/albert-schweitzer-schule-oe.de\/wp-content\/uploads\/2025\/01\/fobizz_Siegel_2024-2025_transparenter_Hintergrund-1319x1536.png 1319w, https:\/\/albert-schweitzer-schule-oe.de\/wp-content\/uploads\/2025\/01\/fobizz_Siegel_2024-2025_transparenter_Hintergrund-1759x2048.png 1759w\" sizes=\"auto, (max-width: 706px) 89vw, (max-width: 767px) 82vw, 740px\" \/><\/figure>\n\n\n\n<figure class=\"wp-block-image size-large is-resized\"><img loading=\"lazy\" decoding=\"async\" width=\"1024\" height=\"520\" src=\"https:\/\/albert-schweitzer-schule-oe.de\/wp-content\/uploads\/2025\/07\/BMBF_SCP_Logo_RGB-1024x520.png\" alt=\"\" class=\"wp-image-2025\" style=\"width:301px;height:auto\" srcset=\"https:\/\/albert-schweitzer-schule-oe.de\/wp-content\/uploads\/2025\/07\/BMBF_SCP_Logo_RGB-1024x520.png 1024w, https:\/\/albert-schweitzer-schule-oe.de\/wp-content\/uploads\/2025\/07\/BMBF_SCP_Logo_RGB-300x152.png 300w, https:\/\/albert-schweitzer-schule-oe.de\/wp-content\/uploads\/2025\/07\/BMBF_SCP_Logo_RGB-768x390.png 768w, https:\/\/albert-schweitzer-schule-oe.de\/wp-content\/uploads\/2025\/07\/BMBF_SCP_Logo_RGB-1536x781.png 1536w, https:\/\/albert-schweitzer-schule-oe.de\/wp-content\/uploads\/2025\/07\/BMBF_SCP_Logo_RGB-2048x1041.png 2048w\" sizes=\"auto, (max-width: 706px) 89vw, (max-width: 767px) 82vw, 740px\" \/><\/figure>\n","protected":false},"excerpt":{"rendered":"<p>Willkommen an der Albert-Schweitzer-Schule Herzlich hei\u00dfen wir Sie auf unserer Internetplattform der Albert-Schweitzer-Schule willkommen! Wenn Sie sich \u00fcber unsere Schule und das Schulleben informieren wollen, sind Sie hier auf der richtigen Seite. Zurzeit lernen 349 Schulkinder an unserer Schule. \u00a0Die Kinder werden von 16 LehrerInnen, einer Sonderp\u00e4dagogin, einer Sozialp\u00e4dagogin, einer Heilp\u00e4dagogin, einer Schulsozialarbeiterin und zwei &hellip; <\/p>\n<p class=\"link-more\"><a href=\"https:\/\/albert-schweitzer-schule-oe.de\/\" class=\"more-link\"><span class=\"screen-reader-text\">\u201eStartseite\u201c<\/span> weiterlesen<\/a><\/p>\n","protected":false},"author":1,"featured_media":0,"parent":0,"menu_order":0,"comment_status":"closed","ping_status":"open","template":"","meta":{"footnotes":""},"class_list":["post-2","page","type-page","status-publish","hentry"],"_links":{"self":[{"href":"https:\/\/albert-schweitzer-schule-oe.de\/index.php?rest_route=\/wp\/v2\/pages\/2","targetHints":{"allow":["GET"]}}],"collection":[{"href":"https:\/\/albert-schweitzer-schule-oe.de\/index.php?rest_route=\/wp\/v2\/pages"}],"about":[{"href":"https:\/\/albert-schweitzer-schule-oe.de\/index.php?rest_route=\/wp\/v2\/types\/page"}],"author":[{"embeddable":true,"href":"https:\/\/albert-schweitzer-schule-oe.de\/index.php?rest_route=\/wp\/v2\/users\/1"}],"replies":[{"embeddable":true,"href":"https:\/\/albert-schweitzer-schule-oe.de\/index.php?rest_route=%2Fwp%2Fv2%2Fcomments&post=2"}],"version-history":[{"count":70,"href":"https:\/\/albert-schweitzer-schule-oe.de\/index.php?rest_route=\/wp\/v2\/pages\/2\/revisions"}],"predecessor-version":[{"id":2147,"href":"https:\/\/albert-schweitzer-schule-oe.de\/index.php?rest_route=\/wp\/v2\/pages\/2\/revisions\/2147"}],"wp:attachment":[{"href":"https:\/\/albert-schweitzer-schule-oe.de\/index.php?rest_route=%2Fwp%2Fv2%2Fmedia&parent=2"}],"curies":[{"name":"wp","href":"https:\/\/api.w.org\/{rel}","templated":true}]}}