{"id":1748,"date":"2024-03-19T15:30:43","date_gmt":"2024-03-19T15:30:43","guid":{"rendered":"https:\/\/albert-schweitzer-schule-oe.de\/?page_id=1748"},"modified":"2024-03-19T15:30:43","modified_gmt":"2024-03-19T15:30:43","slug":"buecherkoffer","status":"publish","type":"page","link":"https:\/\/albert-schweitzer-schule-oe.de\/?page_id=1748","title":{"rendered":"B\u00fccherkoffer"},"content":{"rendered":"\n<p>Am Projekt B\u00fccherkoffer nehmen die Sch\u00fclerinnen und Sch\u00fcler der Klasse 2 teil. F\u00fcr ein Schuljahr wandert der B\u00fccherkoffer eine Woche lang von Familie zu Familie. Im B\u00fccherkoffer befinden sich 12 mehrsprachige Kinderb\u00fccher. Er enth\u00e4lt bis zu 50 verschiedene Sprachen. Au\u00dferdem befindet sich noch eine Leseeule mit im B\u00fccherkoffer und ein Lesetagebuch.<\/p>\n\n\n\n<p>Weitere Informationen unter folgendem Link: www.coachatschool.org<\/p>\n\n\n\n<figure class=\"wp-block-image size-full is-resized\"><img loading=\"lazy\" decoding=\"async\" width=\"988\" height=\"1363\" src=\"https:\/\/albert-schweitzer-schule-oe.de\/wp-content\/uploads\/2024\/03\/image.jpeg\" alt=\"Dieses Bild hat ein leeres Alt-Attribut. Der Dateiname ist IMG_2304.jpg\" class=\"wp-image-1751\" style=\"width:233px;height:auto\" srcset=\"https:\/\/albert-schweitzer-schule-oe.de\/wp-content\/uploads\/2024\/03\/image.jpeg 988w, https:\/\/albert-schweitzer-schule-oe.de\/wp-content\/uploads\/2024\/03\/image-217x300.jpeg 217w, https:\/\/albert-schweitzer-schule-oe.de\/wp-content\/uploads\/2024\/03\/image-742x1024.jpeg 742w, https:\/\/albert-schweitzer-schule-oe.de\/wp-content\/uploads\/2024\/03\/image-768x1059.jpeg 768w\" sizes=\"auto, (max-width: 706px) 89vw, (max-width: 767px) 82vw, 740px\" \/><\/figure>\n\n\n\n<figure class=\"wp-block-image size-full is-resized\"><img loading=\"lazy\" decoding=\"async\" width=\"214\" height=\"318\" src=\"https:\/\/albert-schweitzer-schule-oe.de\/wp-content\/uploads\/2024\/03\/Bildschirmfoto-2024-03-19-um-16.25.10-1.png\" alt=\"\" class=\"wp-image-1752\" style=\"width:233px;height:auto\" srcset=\"https:\/\/albert-schweitzer-schule-oe.de\/wp-content\/uploads\/2024\/03\/Bildschirmfoto-2024-03-19-um-16.25.10-1.png 214w, https:\/\/albert-schweitzer-schule-oe.de\/wp-content\/uploads\/2024\/03\/Bildschirmfoto-2024-03-19-um-16.25.10-1-202x300.png 202w\" sizes=\"auto, (max-width: 214px) 100vw, 214px\" \/><\/figure>\n\n\n\n<p> <\/p>\n","protected":false},"excerpt":{"rendered":"<p>Am Projekt B\u00fccherkoffer nehmen die Sch\u00fclerinnen und Sch\u00fcler der Klasse 2 teil. F\u00fcr ein Schuljahr wandert der B\u00fccherkoffer eine Woche lang von Familie zu Familie. Im B\u00fccherkoffer befinden sich 12 mehrsprachige Kinderb\u00fccher. Er enth\u00e4lt bis zu 50 verschiedene Sprachen. Au\u00dferdem befindet sich noch eine Leseeule mit im B\u00fccherkoffer und ein Lesetagebuch. Weitere Informationen unter folgendem &hellip; <\/p>\n<p class=\"link-more\"><a href=\"https:\/\/albert-schweitzer-schule-oe.de\/?page_id=1748\" class=\"more-link\"><span class=\"screen-reader-text\">\u201eB\u00fccherkoffer\u201c<\/span> weiterlesen<\/a><\/p>\n","protected":false},"author":1,"featured_media":0,"parent":0,"menu_order":0,"comment_status":"closed","ping_status":"closed","template":"","meta":{"footnotes":""},"class_list":["post-1748","page","type-page","status-publish","hentry"],"_links":{"self":[{"href":"https:\/\/albert-schweitzer-schule-oe.de\/index.php?rest_route=\/wp\/v2\/pages\/1748","targetHints":{"allow":["GET"]}}],"collection":[{"href":"https:\/\/albert-schweitzer-schule-oe.de\/index.php?rest_route=\/wp\/v2\/pages"}],"about":[{"href":"https:\/\/albert-schweitzer-schule-oe.de\/index.php?rest_route=\/wp\/v2\/types\/page"}],"author":[{"embeddable":true,"href":"https:\/\/albert-schweitzer-schule-oe.de\/index.php?rest_route=\/wp\/v2\/users\/1"}],"replies":[{"embeddable":true,"href":"https:\/\/albert-schweitzer-schule-oe.de\/index.php?rest_route=%2Fwp%2Fv2%2Fcomments&post=1748"}],"version-history":[{"count":1,"href":"https:\/\/albert-schweitzer-schule-oe.de\/index.php?rest_route=\/wp\/v2\/pages\/1748\/revisions"}],"predecessor-version":[{"id":1754,"href":"https:\/\/albert-schweitzer-schule-oe.de\/index.php?rest_route=\/wp\/v2\/pages\/1748\/revisions\/1754"}],"wp:attachment":[{"href":"https:\/\/albert-schweitzer-schule-oe.de\/index.php?rest_route=%2Fwp%2Fv2%2Fmedia&parent=1748"}],"curies":[{"name":"wp","href":"https:\/\/api.w.org\/{rel}","templated":true}]}}