{"id":1743,"date":"2024-03-19T15:10:34","date_gmt":"2024-03-19T15:10:34","guid":{"rendered":"https:\/\/albert-schweitzer-schule-oe.de\/?page_id=1743"},"modified":"2024-03-19T15:10:34","modified_gmt":"2024-03-19T15:10:34","slug":"die-grosse-nein-tonne","status":"publish","type":"page","link":"https:\/\/albert-schweitzer-schule-oe.de\/?page_id=1743","title":{"rendered":"Die gro\u00dfe Nein-Tonne"},"content":{"rendered":"\n<p>Das Projekt die Nein-Tonne richtet sich an die Sch\u00fclerinnen und Sch\u00fcler des 1. und 2. Jahrgangs. Es handelt sich dabei um eine Entdeckungsreise ins eigene Selbstbewusstsein. Die Kinder werden durch das Theaterst\u00fcck auf das Thema sexuelle Gewalt vorbereitet. In Klasse 3 und 4 wird das Thema nochmals durch das Theaterst\u00fcck &#8222;Mein K\u00f6rper geh\u00f6rt mir&#8220; vertieft.<\/p>\n\n\n\n<figure class=\"wp-block-image size-full is-resized\"><img loading=\"lazy\" decoding=\"async\" width=\"719\" height=\"481\" src=\"https:\/\/albert-schweitzer-schule-oe.de\/wp-content\/uploads\/2024\/03\/773c3c85-8df1-418a-b35b-654c7e722c02.jpg\" alt=\"\" class=\"wp-image-1744\" style=\"width:366px;height:auto\" srcset=\"https:\/\/albert-schweitzer-schule-oe.de\/wp-content\/uploads\/2024\/03\/773c3c85-8df1-418a-b35b-654c7e722c02.jpg 719w, https:\/\/albert-schweitzer-schule-oe.de\/wp-content\/uploads\/2024\/03\/773c3c85-8df1-418a-b35b-654c7e722c02-300x201.jpg 300w\" sizes=\"auto, (max-width: 719px) 100vw, 719px\" \/><\/figure>\n\n\n\n<figure class=\"wp-block-image size-full is-resized\"><img loading=\"lazy\" decoding=\"async\" width=\"690\" height=\"438\" src=\"https:\/\/albert-schweitzer-schule-oe.de\/wp-content\/uploads\/2024\/03\/e7e71233-e64a-4def-b41a-c2fb0d27dceb.jpg\" alt=\"\" class=\"wp-image-1745\" style=\"width:370px;height:auto\" srcset=\"https:\/\/albert-schweitzer-schule-oe.de\/wp-content\/uploads\/2024\/03\/e7e71233-e64a-4def-b41a-c2fb0d27dceb.jpg 690w, https:\/\/albert-schweitzer-schule-oe.de\/wp-content\/uploads\/2024\/03\/e7e71233-e64a-4def-b41a-c2fb0d27dceb-300x190.jpg 300w\" sizes=\"auto, (max-width: 690px) 100vw, 690px\" \/><\/figure>\n","protected":false},"excerpt":{"rendered":"<p>Das Projekt die Nein-Tonne richtet sich an die Sch\u00fclerinnen und Sch\u00fcler des 1. und 2. Jahrgangs. Es handelt sich dabei um eine Entdeckungsreise ins eigene Selbstbewusstsein. Die Kinder werden durch das Theaterst\u00fcck auf das Thema sexuelle Gewalt vorbereitet. In Klasse 3 und 4 wird das Thema nochmals durch das Theaterst\u00fcck &#8222;Mein K\u00f6rper geh\u00f6rt mir&#8220; vertieft.<\/p>\n","protected":false},"author":1,"featured_media":0,"parent":0,"menu_order":0,"comment_status":"closed","ping_status":"closed","template":"","meta":{"footnotes":""},"class_list":["post-1743","page","type-page","status-publish","hentry"],"_links":{"self":[{"href":"https:\/\/albert-schweitzer-schule-oe.de\/index.php?rest_route=\/wp\/v2\/pages\/1743","targetHints":{"allow":["GET"]}}],"collection":[{"href":"https:\/\/albert-schweitzer-schule-oe.de\/index.php?rest_route=\/wp\/v2\/pages"}],"about":[{"href":"https:\/\/albert-schweitzer-schule-oe.de\/index.php?rest_route=\/wp\/v2\/types\/page"}],"author":[{"embeddable":true,"href":"https:\/\/albert-schweitzer-schule-oe.de\/index.php?rest_route=\/wp\/v2\/users\/1"}],"replies":[{"embeddable":true,"href":"https:\/\/albert-schweitzer-schule-oe.de\/index.php?rest_route=%2Fwp%2Fv2%2Fcomments&post=1743"}],"version-history":[{"count":1,"href":"https:\/\/albert-schweitzer-schule-oe.de\/index.php?rest_route=\/wp\/v2\/pages\/1743\/revisions"}],"predecessor-version":[{"id":1747,"href":"https:\/\/albert-schweitzer-schule-oe.de\/index.php?rest_route=\/wp\/v2\/pages\/1743\/revisions\/1747"}],"wp:attachment":[{"href":"https:\/\/albert-schweitzer-schule-oe.de\/index.php?rest_route=%2Fwp%2Fv2%2Fmedia&parent=1743"}],"curies":[{"name":"wp","href":"https:\/\/api.w.org\/{rel}","templated":true}]}}