{"id":1740,"date":"2024-03-19T14:20:57","date_gmt":"2024-03-19T14:20:57","guid":{"rendered":"https:\/\/albert-schweitzer-schule-oe.de\/?page_id=1740"},"modified":"2024-03-19T14:20:57","modified_gmt":"2024-03-19T14:20:57","slug":"mein-koerper-gehoert-mir","status":"publish","type":"page","link":"https:\/\/albert-schweitzer-schule-oe.de\/?page_id=1740","title":{"rendered":"Mein K\u00f6rper geh\u00f6rt mir"},"content":{"rendered":"\n<p>Das Projekt richtet sich an die Sch\u00fclerinnen und Sch\u00fcler der Klassen 3 und 4. Es handelt sich um ein Theaterst\u00fcck gegen sexuelle Gewalt an Kindern. Die Kinder bekommen praktische Strategien vermittelt, wie sie dich in unsicheren Situationen verhalten k\u00f6nnen. Dadurch gehen sie gest\u00e4rkt durchs Leben. Fragen wie &#8222;Wie bekomme ich Hilfe bei sexueller Gewalt?&#8220; oder &#8222;Was kannst du tun, wenn jemand deine k\u00f6rperlichen Grenzen \u00fcberschreitet?&#8220; werden thematisiert.<\/p>\n","protected":false},"excerpt":{"rendered":"<p>Das Projekt richtet sich an die Sch\u00fclerinnen und Sch\u00fcler der Klassen 3 und 4. Es handelt sich um ein Theaterst\u00fcck gegen sexuelle Gewalt an Kindern. Die Kinder bekommen praktische Strategien vermittelt, wie sie dich in unsicheren Situationen verhalten k\u00f6nnen. Dadurch gehen sie gest\u00e4rkt durchs Leben. Fragen wie &#8222;Wie bekomme ich Hilfe bei sexueller Gewalt?&#8220; oder &hellip; <\/p>\n<p class=\"link-more\"><a href=\"https:\/\/albert-schweitzer-schule-oe.de\/?page_id=1740\" class=\"more-link\"><span class=\"screen-reader-text\">\u201eMein K\u00f6rper geh\u00f6rt mir\u201c<\/span> weiterlesen<\/a><\/p>\n","protected":false},"author":1,"featured_media":0,"parent":0,"menu_order":0,"comment_status":"closed","ping_status":"closed","template":"","meta":{"footnotes":""},"class_list":["post-1740","page","type-page","status-publish","hentry"],"_links":{"self":[{"href":"https:\/\/albert-schweitzer-schule-oe.de\/index.php?rest_route=\/wp\/v2\/pages\/1740","targetHints":{"allow":["GET"]}}],"collection":[{"href":"https:\/\/albert-schweitzer-schule-oe.de\/index.php?rest_route=\/wp\/v2\/pages"}],"about":[{"href":"https:\/\/albert-schweitzer-schule-oe.de\/index.php?rest_route=\/wp\/v2\/types\/page"}],"author":[{"embeddable":true,"href":"https:\/\/albert-schweitzer-schule-oe.de\/index.php?rest_route=\/wp\/v2\/users\/1"}],"replies":[{"embeddable":true,"href":"https:\/\/albert-schweitzer-schule-oe.de\/index.php?rest_route=%2Fwp%2Fv2%2Fcomments&post=1740"}],"version-history":[{"count":1,"href":"https:\/\/albert-schweitzer-schule-oe.de\/index.php?rest_route=\/wp\/v2\/pages\/1740\/revisions"}],"predecessor-version":[{"id":1742,"href":"https:\/\/albert-schweitzer-schule-oe.de\/index.php?rest_route=\/wp\/v2\/pages\/1740\/revisions\/1742"}],"wp:attachment":[{"href":"https:\/\/albert-schweitzer-schule-oe.de\/index.php?rest_route=%2Fwp%2Fv2%2Fmedia&parent=1740"}],"curies":[{"name":"wp","href":"https:\/\/api.w.org\/{rel}","templated":true}]}}