{"id":1728,"date":"2024-03-18T16:59:29","date_gmt":"2024-03-18T16:59:29","guid":{"rendered":"https:\/\/albert-schweitzer-schule-oe.de\/?page_id=1728"},"modified":"2024-03-18T17:06:48","modified_gmt":"2024-03-18T17:06:48","slug":"zahngesundheit","status":"publish","type":"page","link":"https:\/\/albert-schweitzer-schule-oe.de\/?page_id=1728","title":{"rendered":"Zahngesundheit"},"content":{"rendered":"\n<p>Die Albert-Schweitzer-Schule nimmt j\u00e4hrlich an der Aktion \u201eGesund im Mund\u201c teil.                Die Sch\u00fcler*innen arbeiten zu unterschiedlichen Schwerpunktthemen.<\/p>\n\n\n\n<p>Jahrgang 1:  Zahngesunde und zahnungesunde Ern\u00e4hrung                                                          Jahrgang 2: KAI-Technik sowie Namen und Funktionen der Z\u00e4hne                                                Jahrgang 3: Zahnaufbau, Kariesentstehung und die Kariesverh\u00fctung                               Jahrgang 4: Fluoridierung und Wiederholung der Kenntnisse aus Jahrgang 1-3<\/p>\n\n\n\n<figure class=\"wp-block-image size-large is-resized\"><img loading=\"lazy\" decoding=\"async\" width=\"1024\" height=\"1024\" src=\"https:\/\/albert-schweitzer-schule-oe.de\/wp-content\/uploads\/2024\/03\/dental-care-2516133_1280-1024x1024.png\" alt=\"\" class=\"wp-image-1732\" style=\"width:292px;height:auto\" srcset=\"https:\/\/albert-schweitzer-schule-oe.de\/wp-content\/uploads\/2024\/03\/dental-care-2516133_1280-1024x1024.png 1024w, https:\/\/albert-schweitzer-schule-oe.de\/wp-content\/uploads\/2024\/03\/dental-care-2516133_1280-300x300.png 300w, https:\/\/albert-schweitzer-schule-oe.de\/wp-content\/uploads\/2024\/03\/dental-care-2516133_1280-150x150.png 150w, https:\/\/albert-schweitzer-schule-oe.de\/wp-content\/uploads\/2024\/03\/dental-care-2516133_1280-768x768.png 768w, https:\/\/albert-schweitzer-schule-oe.de\/wp-content\/uploads\/2024\/03\/dental-care-2516133_1280-100x100.png 100w, https:\/\/albert-schweitzer-schule-oe.de\/wp-content\/uploads\/2024\/03\/dental-care-2516133_1280.png 1280w\" sizes=\"auto, (max-width: 706px) 89vw, (max-width: 767px) 82vw, 740px\" \/><\/figure>\n","protected":false},"excerpt":{"rendered":"<p>Die Albert-Schweitzer-Schule nimmt j\u00e4hrlich an der Aktion \u201eGesund im Mund\u201c teil. Die Sch\u00fcler*innen arbeiten zu unterschiedlichen Schwerpunktthemen. Jahrgang 1: Zahngesunde und zahnungesunde Ern\u00e4hrung Jahrgang 2: KAI-Technik sowie Namen und Funktionen der Z\u00e4hne Jahrgang 3: Zahnaufbau, Kariesentstehung und die Kariesverh\u00fctung Jahrgang 4: Fluoridierung und Wiederholung der Kenntnisse aus Jahrgang 1-3<\/p>\n","protected":false},"author":1,"featured_media":0,"parent":0,"menu_order":0,"comment_status":"closed","ping_status":"closed","template":"","meta":{"footnotes":""},"class_list":["post-1728","page","type-page","status-publish","hentry"],"_links":{"self":[{"href":"https:\/\/albert-schweitzer-schule-oe.de\/index.php?rest_route=\/wp\/v2\/pages\/1728","targetHints":{"allow":["GET"]}}],"collection":[{"href":"https:\/\/albert-schweitzer-schule-oe.de\/index.php?rest_route=\/wp\/v2\/pages"}],"about":[{"href":"https:\/\/albert-schweitzer-schule-oe.de\/index.php?rest_route=\/wp\/v2\/types\/page"}],"author":[{"embeddable":true,"href":"https:\/\/albert-schweitzer-schule-oe.de\/index.php?rest_route=\/wp\/v2\/users\/1"}],"replies":[{"embeddable":true,"href":"https:\/\/albert-schweitzer-schule-oe.de\/index.php?rest_route=%2Fwp%2Fv2%2Fcomments&post=1728"}],"version-history":[{"count":3,"href":"https:\/\/albert-schweitzer-schule-oe.de\/index.php?rest_route=\/wp\/v2\/pages\/1728\/revisions"}],"predecessor-version":[{"id":1733,"href":"https:\/\/albert-schweitzer-schule-oe.de\/index.php?rest_route=\/wp\/v2\/pages\/1728\/revisions\/1733"}],"wp:attachment":[{"href":"https:\/\/albert-schweitzer-schule-oe.de\/index.php?rest_route=%2Fwp%2Fv2%2Fmedia&parent=1728"}],"curies":[{"name":"wp","href":"https:\/\/api.w.org\/{rel}","templated":true}]}}