{"id":1705,"date":"2024-03-04T18:25:56","date_gmt":"2024-03-04T18:25:56","guid":{"rendered":"https:\/\/albert-schweitzer-schule-oe.de\/?page_id=1705"},"modified":"2024-03-04T18:36:40","modified_gmt":"2024-03-04T18:36:40","slug":"taff-gewaltpraevention","status":"publish","type":"page","link":"https:\/\/albert-schweitzer-schule-oe.de\/?page_id=1705","title":{"rendered":"Taff &#8211; Gewaltpr\u00e4vention"},"content":{"rendered":"\n<p>Die Albert-Schweitzer-Schule hat im Sommer des Schuljahres 2023\/24 am Taff-Projekt teilgenommen.  Bei dem Projekt handelt es sich um ein Konzept zur Gewaltpr\u00e4vention. Es wurden folgende p\u00e4dagogische Themen aufgegriffen: Respekt und Toleranz, Miteinander statt Gegeneinander, Gewaltlosigkeit, Regeln des fairen Streitens, Mut, Selbstbewusstsein, Ich-St\u00e4rke, Gewinn durch Vielfalt und Solidarit\u00e4t. Insgesamt wurden 16 Taff-Teamer der Jahrg\u00e4nge 3 und 4 ausgebildet. Die ausgebildeten Taff-Teamer nehmen w\u00f6chentlich an der Taff-AG teil. In der AG werden beispielsweise Streitigkeiten der Hofpausen reflektiert. <\/p>\n\n\n\n<p><strong>Video der Taff-AG<\/strong><\/p>\n\n\n\n<figure class=\"wp-block-video\"><video height=\"720\" style=\"aspect-ratio: 1280 \/ 720;\" width=\"1280\" controls src=\"https:\/\/albert-schweitzer-schule-oe.de\/wp-content\/uploads\/2024\/03\/69577042-C1E6-4855-8F6F-DF58625380CE-1.mp4\"><\/video><\/figure>\n","protected":false},"excerpt":{"rendered":"<p>Die Albert-Schweitzer-Schule hat im Sommer des Schuljahres 2023\/24 am Taff-Projekt teilgenommen. Bei dem Projekt handelt es sich um ein Konzept zur Gewaltpr\u00e4vention. Es wurden folgende p\u00e4dagogische Themen aufgegriffen: Respekt und Toleranz, Miteinander statt Gegeneinander, Gewaltlosigkeit, Regeln des fairen Streitens, Mut, Selbstbewusstsein, Ich-St\u00e4rke, Gewinn durch Vielfalt und Solidarit\u00e4t. Insgesamt wurden 16 Taff-Teamer der Jahrg\u00e4nge 3 und &hellip; <\/p>\n<p class=\"link-more\"><a href=\"https:\/\/albert-schweitzer-schule-oe.de\/?page_id=1705\" class=\"more-link\"><span class=\"screen-reader-text\">\u201eTaff &#8211; Gewaltpr\u00e4vention\u201c<\/span> weiterlesen<\/a><\/p>\n","protected":false},"author":1,"featured_media":0,"parent":0,"menu_order":0,"comment_status":"closed","ping_status":"closed","template":"","meta":{"footnotes":""},"class_list":["post-1705","page","type-page","status-publish","hentry"],"_links":{"self":[{"href":"https:\/\/albert-schweitzer-schule-oe.de\/index.php?rest_route=\/wp\/v2\/pages\/1705","targetHints":{"allow":["GET"]}}],"collection":[{"href":"https:\/\/albert-schweitzer-schule-oe.de\/index.php?rest_route=\/wp\/v2\/pages"}],"about":[{"href":"https:\/\/albert-schweitzer-schule-oe.de\/index.php?rest_route=\/wp\/v2\/types\/page"}],"author":[{"embeddable":true,"href":"https:\/\/albert-schweitzer-schule-oe.de\/index.php?rest_route=\/wp\/v2\/users\/1"}],"replies":[{"embeddable":true,"href":"https:\/\/albert-schweitzer-schule-oe.de\/index.php?rest_route=%2Fwp%2Fv2%2Fcomments&post=1705"}],"version-history":[{"count":3,"href":"https:\/\/albert-schweitzer-schule-oe.de\/index.php?rest_route=\/wp\/v2\/pages\/1705\/revisions"}],"predecessor-version":[{"id":1710,"href":"https:\/\/albert-schweitzer-schule-oe.de\/index.php?rest_route=\/wp\/v2\/pages\/1705\/revisions\/1710"}],"wp:attachment":[{"href":"https:\/\/albert-schweitzer-schule-oe.de\/index.php?rest_route=%2Fwp%2Fv2%2Fmedia&parent=1705"}],"curies":[{"name":"wp","href":"https:\/\/api.w.org\/{rel}","templated":true}]}}