{"id":16,"date":"2020-03-20T12:43:54","date_gmt":"2020-03-20T12:43:54","guid":{"rendered":"http:\/\/albert-schweitzer-schule-oe.de\/?page_id=16"},"modified":"2025-08-31T14:34:33","modified_gmt":"2025-08-31T14:34:33","slug":"jahrgang-3","status":"publish","type":"page","link":"https:\/\/albert-schweitzer-schule-oe.de\/?page_id=16","title":{"rendered":"Jahrgang 4"},"content":{"rendered":"\n<p><\/p>\n\n\n\n<p class=\"has-medium-font-size\">Klasse 4a &#8211; Monsterklasse<\/p>\n\n\n\n<p>Klassenlehrerin Frau Wimmer<\/p>\n\n\n\n<p>Sprechstunde (nach vorheriger Absprache \u00fcber iserv): donnerstags 13.25 &#8211; 13.20 Uhr<\/p>\n\n\n\n<p><\/p>\n\n\n\n<p class=\"has-medium-font-size\">Klasse 4b &#8211; Fuchsklasse<\/p>\n\n\n\n<p>Klassenlehrerin Frau Fingerhut<\/p>\n\n\n\n<p>Sprechstunde (nach vorheriger Absprache \u00fcber iserv): mittwochs 10.00 &#8211; 10-45 Uhr<\/p>\n\n\n\n<figure class=\"wp-block-image size-full is-resized\"><img loading=\"lazy\" decoding=\"async\" width=\"740\" height=\"1024\" src=\"https:\/\/albert-schweitzer-schule-oe.de\/wp-content\/uploads\/2023\/08\/Fuchsklasse.jpg\" alt=\"\" class=\"wp-image-1435\" style=\"width:130px;height:180px\" srcset=\"https:\/\/albert-schweitzer-schule-oe.de\/wp-content\/uploads\/2023\/08\/Fuchsklasse.jpg 740w, https:\/\/albert-schweitzer-schule-oe.de\/wp-content\/uploads\/2023\/08\/Fuchsklasse-217x300.jpg 217w\" sizes=\"auto, (max-width: 706px) 89vw, (max-width: 767px) 82vw, 740px\" \/><\/figure>\n\n\n\n<p><\/p>\n\n\n\n<p class=\"has-medium-font-size\">Klasse 4c &#8211; Erdm\u00e4nnchenklasse<\/p>\n\n\n\n<p>Klassenlehrerin Frau Michalczak<\/p>\n\n\n\n<p>Sprechstunde (nach vorheriger Absprache \u00fcber iserv): montags 12.35 &#8211; 13.20 Uhr<\/p>\n\n\n\n<figure class=\"wp-block-image size-large is-resized\"><img loading=\"lazy\" decoding=\"async\" width=\"661\" height=\"1024\" src=\"https:\/\/albert-schweitzer-schule-oe.de\/wp-content\/uploads\/2023\/08\/2F5164FE-A67A-4DDD-86ED-18081328ACEB-661x1024.jpeg\" alt=\"\" class=\"wp-image-1437\" style=\"width:126px;height:195px\" srcset=\"https:\/\/albert-schweitzer-schule-oe.de\/wp-content\/uploads\/2023\/08\/2F5164FE-A67A-4DDD-86ED-18081328ACEB-661x1024.jpeg 661w, https:\/\/albert-schweitzer-schule-oe.de\/wp-content\/uploads\/2023\/08\/2F5164FE-A67A-4DDD-86ED-18081328ACEB-194x300.jpeg 194w, https:\/\/albert-schweitzer-schule-oe.de\/wp-content\/uploads\/2023\/08\/2F5164FE-A67A-4DDD-86ED-18081328ACEB-768x1190.jpeg 768w, https:\/\/albert-schweitzer-schule-oe.de\/wp-content\/uploads\/2023\/08\/2F5164FE-A67A-4DDD-86ED-18081328ACEB-991x1536.jpeg 991w, https:\/\/albert-schweitzer-schule-oe.de\/wp-content\/uploads\/2023\/08\/2F5164FE-A67A-4DDD-86ED-18081328ACEB-1321x2048.jpeg 1321w, https:\/\/albert-schweitzer-schule-oe.de\/wp-content\/uploads\/2023\/08\/2F5164FE-A67A-4DDD-86ED-18081328ACEB-scaled.jpeg 1652w\" sizes=\"auto, (max-width: 661px) 100vw, 661px\" \/><\/figure>\n\n\n\n<p><\/p>\n","protected":false},"excerpt":{"rendered":"<p>Klasse 4a &#8211; Monsterklasse Klassenlehrerin Frau Wimmer Sprechstunde (nach vorheriger Absprache \u00fcber iserv): donnerstags 13.25 &#8211; 13.20 Uhr Klasse 4b &#8211; Fuchsklasse Klassenlehrerin Frau Fingerhut Sprechstunde (nach vorheriger Absprache \u00fcber iserv): mittwochs 10.00 &#8211; 10-45 Uhr Klasse 4c &#8211; Erdm\u00e4nnchenklasse Klassenlehrerin Frau Michalczak Sprechstunde (nach vorheriger Absprache \u00fcber iserv): montags 12.35 &#8211; 13.20 Uhr<\/p>\n","protected":false},"author":1,"featured_media":0,"parent":1518,"menu_order":3,"comment_status":"closed","ping_status":"closed","template":"","meta":{"footnotes":""},"class_list":["post-16","page","type-page","status-publish","hentry"],"_links":{"self":[{"href":"https:\/\/albert-schweitzer-schule-oe.de\/index.php?rest_route=\/wp\/v2\/pages\/16","targetHints":{"allow":["GET"]}}],"collection":[{"href":"https:\/\/albert-schweitzer-schule-oe.de\/index.php?rest_route=\/wp\/v2\/pages"}],"about":[{"href":"https:\/\/albert-schweitzer-schule-oe.de\/index.php?rest_route=\/wp\/v2\/types\/page"}],"author":[{"embeddable":true,"href":"https:\/\/albert-schweitzer-schule-oe.de\/index.php?rest_route=\/wp\/v2\/users\/1"}],"replies":[{"embeddable":true,"href":"https:\/\/albert-schweitzer-schule-oe.de\/index.php?rest_route=%2Fwp%2Fv2%2Fcomments&post=16"}],"version-history":[{"count":25,"href":"https:\/\/albert-schweitzer-schule-oe.de\/index.php?rest_route=\/wp\/v2\/pages\/16\/revisions"}],"predecessor-version":[{"id":2108,"href":"https:\/\/albert-schweitzer-schule-oe.de\/index.php?rest_route=\/wp\/v2\/pages\/16\/revisions\/2108"}],"up":[{"embeddable":true,"href":"https:\/\/albert-schweitzer-schule-oe.de\/index.php?rest_route=\/wp\/v2\/pages\/1518"}],"wp:attachment":[{"href":"https:\/\/albert-schweitzer-schule-oe.de\/index.php?rest_route=%2Fwp%2Fv2%2Fmedia&parent=16"}],"curies":[{"name":"wp","href":"https:\/\/api.w.org\/{rel}","templated":true}]}}