{"id":113,"date":"2020-03-21T17:10:34","date_gmt":"2020-03-21T17:10:34","guid":{"rendered":"http:\/\/albert-schweitzer-schule-oe.de\/?page_id=113"},"modified":"2025-01-29T14:56:47","modified_gmt":"2025-01-29T14:56:47","slug":"impressum","status":"publish","type":"page","link":"https:\/\/albert-schweitzer-schule-oe.de\/?page_id=113","title":{"rendered":"Impressum"},"content":{"rendered":"\n<p><strong>Albert-Schweitzer-Schule<\/strong><\/p>\n\n\n\n<p>K\u00f6nigsberger Stra\u00dfe 9<\/p>\n\n\n\n<p>45739 Oer-Erkenschwick<\/p>\n\n\n\n<p>Telefon:&nbsp; 02368-3535<\/p>\n\n\n\n<p>Fax:&nbsp;&nbsp;&nbsp;&nbsp;&nbsp;\n&nbsp; 02368 -80187<\/p>\n\n\n\n<p>e-mail: 122518@schule.nrw.de<\/p>\n\n\n\n<p>Schulleitung : Frau Lyding<br> \u00a0<\/p>\n\n\n\n<p>Schultr\u00e4ger: Stadt Oer-Erkenschwick<\/p>\n\n\n\n<p>Schulverwaltungsamt<\/p>\n\n\n\n<p>45739 Oer-Erkenschwick<\/p>\n\n\n\n<h2 class=\"wp-block-heading\"><\/h2>\n\n\n\n<p><strong>inhaltlich verantwortlich f\u00fcr diese\nWebsite: <\/strong><\/p>\n\n\n\n<p>Mara Michalczak, mara.michalczak@ass-o-e.de<\/p>\n\n\n\n<p><\/p>\n\n\n\n<h2 class=\"wp-block-heading\"><\/h2>\n\n\n\n<p><strong>Haftung f\u00fcr eigene und fremde\nInhalte dieser Website: <\/strong><\/p>\n\n\n\n<p>S\u00e4mtliche auf dieser Webseite\nver\u00f6ffentlichten Informationen wurden durch uns<\/p>\n\n\n\n<p>mit gr\u00f6\u00dfter Sorgfalt\nzusammengestellt. Dar\u00fcber hinaus werden die Inhalte<\/p>\n\n\n\n<p>regelm\u00e4\u00dfig aktualisiert. Dennoch\nkann f\u00fcr eine absolute Fehlerfreiheit keine<\/p>\n\n\n\n<p>Garantie \u00fcbernommen werden. Wir\nschlie\u00dfen daher jede Haftung oder Garantie<\/p>\n\n\n\n<p>hinsichtlich der Genauigkeit,\nVollst\u00e4ndigkeit und Aktualit\u00e4t der auf dieser Webseite<\/p>\n\n\n\n<p>bereitgestellten Informationen aus.\nDies gilt insbesondere auch f\u00fcr andere<\/p>\n\n\n\n<p>Internetpublikationen, auf die\nmittels Hyperlink verwiesen wird. Daher muss von<\/p>\n\n\n\n<p>uns ausdr\u00fccklich jede Verantwortung\nf\u00fcr den Inhalt dieser fremden Angebote<\/p>\n\n\n\n<p>ausgeschlossen werden.<\/p>\n\n\n\n<p><\/p>\n","protected":false},"excerpt":{"rendered":"<p>Albert-Schweitzer-Schule K\u00f6nigsberger Stra\u00dfe 9 45739 Oer-Erkenschwick Telefon:&nbsp; 02368-3535 Fax:&nbsp;&nbsp;&nbsp;&nbsp;&nbsp; &nbsp; 02368 -80187 e-mail: 122518@schule.nrw.de Schulleitung : Frau Lyding \u00a0 Schultr\u00e4ger: Stadt Oer-Erkenschwick Schulverwaltungsamt 45739 Oer-Erkenschwick inhaltlich verantwortlich f\u00fcr diese Website: Mara Michalczak, mara.michalczak@ass-o-e.de Haftung f\u00fcr eigene und fremde Inhalte dieser Website: S\u00e4mtliche auf dieser Webseite ver\u00f6ffentlichten Informationen wurden durch uns mit gr\u00f6\u00dfter Sorgfalt zusammengestellt. Dar\u00fcber &hellip; <\/p>\n<p class=\"link-more\"><a href=\"https:\/\/albert-schweitzer-schule-oe.de\/?page_id=113\" class=\"more-link\"><span class=\"screen-reader-text\">\u201eImpressum\u201c<\/span> weiterlesen<\/a><\/p>\n","protected":false},"author":1,"featured_media":0,"parent":111,"menu_order":0,"comment_status":"closed","ping_status":"closed","template":"","meta":{"footnotes":""},"class_list":["post-113","page","type-page","status-publish","hentry"],"_links":{"self":[{"href":"https:\/\/albert-schweitzer-schule-oe.de\/index.php?rest_route=\/wp\/v2\/pages\/113","targetHints":{"allow":["GET"]}}],"collection":[{"href":"https:\/\/albert-schweitzer-schule-oe.de\/index.php?rest_route=\/wp\/v2\/pages"}],"about":[{"href":"https:\/\/albert-schweitzer-schule-oe.de\/index.php?rest_route=\/wp\/v2\/types\/page"}],"author":[{"embeddable":true,"href":"https:\/\/albert-schweitzer-schule-oe.de\/index.php?rest_route=\/wp\/v2\/users\/1"}],"replies":[{"embeddable":true,"href":"https:\/\/albert-schweitzer-schule-oe.de\/index.php?rest_route=%2Fwp%2Fv2%2Fcomments&post=113"}],"version-history":[{"count":6,"href":"https:\/\/albert-schweitzer-schule-oe.de\/index.php?rest_route=\/wp\/v2\/pages\/113\/revisions"}],"predecessor-version":[{"id":1905,"href":"https:\/\/albert-schweitzer-schule-oe.de\/index.php?rest_route=\/wp\/v2\/pages\/113\/revisions\/1905"}],"up":[{"embeddable":true,"href":"https:\/\/albert-schweitzer-schule-oe.de\/index.php?rest_route=\/wp\/v2\/pages\/111"}],"wp:attachment":[{"href":"https:\/\/albert-schweitzer-schule-oe.de\/index.php?rest_route=%2Fwp%2Fv2%2Fmedia&parent=113"}],"curies":[{"name":"wp","href":"https:\/\/api.w.org\/{rel}","templated":true}]}}